{"id":3,"date":"2022-06-21T14:59:20","date_gmt":"2022-06-21T14:59:20","guid":{"rendered":"http:\/\/new.upskillplatform.com\/?page_id=3"},"modified":"2023-03-23T17:48:06","modified_gmt":"2023-03-23T17:48:06","slug":"termos-e-politicas-de-privacidade","status":"publish","type":"page","link":"https:\/\/upskillplatform.com\/pt\/termos-e-politicas-de-privacidade\/","title":{"rendered":"Termos e Pol\u00edtica de privacidade"},"content":{"rendered":"<div data-elementor-type=\"wp-page\" data-elementor-id=\"3\" class=\"elementor elementor-3\" data-elementor-post-type=\"page\">\n\t\t\t\t\t\t<section class=\"elementor-section elementor-top-section elementor-element elementor-element-75c13564 elementor-section-boxed elementor-section-height-default elementor-section-height-default\" data-id=\"75c13564\" data-element_type=\"section\" data-e-type=\"section\">\n\t\t\t\t\t\t<div class=\"elementor-container elementor-column-gap-default\">\n\t\t\t\t\t<div class=\"elementor-column elementor-col-33 elementor-top-column elementor-element elementor-element-6be0d18\" data-id=\"6be0d18\" data-element_type=\"column\" data-e-type=\"column\">\n\t\t\t<div class=\"elementor-widget-wrap\">\n\t\t\t\t\t\t\t<\/div>\n\t\t<\/div>\n\t\t\t\t<div class=\"elementor-column elementor-col-33 elementor-top-column elementor-element elementor-element-1615cfad\" data-id=\"1615cfad\" data-element_type=\"column\" data-e-type=\"column\">\n\t\t\t<div class=\"elementor-widget-wrap elementor-element-populated\">\n\t\t\t\t\t\t<div class=\"elementor-element elementor-element-e27edb3 elementor-widget elementor-widget-heading\" data-id=\"e27edb3\" data-element_type=\"widget\" data-e-type=\"widget\" data-widget_type=\"heading.default\">\n\t\t\t\t<div class=\"elementor-widget-container\">\n\t\t\t\t\t<h2 class=\"elementor-heading-title elementor-size-default\">Pol\u00edtica de privacidade da Upskill Platform<\/h2>\t\t\t\t<\/div>\n\t\t\t\t<\/div>\n\t\t\t\t<div class=\"elementor-element elementor-element-91b9e45 elementor-widget elementor-widget-text-editor\" data-id=\"91b9e45\" data-element_type=\"widget\" data-e-type=\"widget\" data-widget_type=\"text-editor.default\">\n\t\t\t\t<div class=\"elementor-widget-container\">\n\t\t\t\t\t\t\t\t\tA privacidade dos nossos usu\u00e1rios \u00e9 de extrema import\u00e2ncia para a Upskill Platform. N\u00f3s compreendemos que as informa\u00e7\u00f5es pessoais coletadas em nosso site precisam ser tratadas com cuidado e respeito. Dessa forma, estabelecemos esta pol\u00edtica de privacidade para descrever como coletamos, armazenamos e utilizamos informa\u00e7\u00f5es pessoais.\t\t\t\t\t\t\t\t<\/div>\n\t\t\t\t<\/div>\n\t\t\t\t<div class=\"elementor-element elementor-element-2918117 elementor-widget elementor-widget-heading\" data-id=\"2918117\" data-element_type=\"widget\" data-e-type=\"widget\" data-widget_type=\"heading.default\">\n\t\t\t\t<div class=\"elementor-widget-container\">\n\t\t\t\t\t<h2 class=\"elementor-heading-title elementor-size-default\">Coleta de informa\u00e7\u00f5es pessoais<\/h2>\t\t\t\t<\/div>\n\t\t\t\t<\/div>\n\t\t\t\t<div class=\"elementor-element elementor-element-5cf7190 elementor-widget elementor-widget-text-editor\" data-id=\"5cf7190\" data-element_type=\"widget\" data-e-type=\"widget\" data-widget_type=\"text-editor.default\">\n\t\t\t\t<div class=\"elementor-widget-container\">\n\t\t\t\t\t\t\t\t\tN\u00f3s coletamos informa\u00e7\u00f5es pessoais quando voc\u00ea se registra em nosso site, faz login, se inscreve para receber nossos boletins informativos ou participa de qualquer outra atividade que exija informa\u00e7\u00f5es pessoais. As informa\u00e7\u00f5es coletadas podem incluir, mas n\u00e3o est\u00e3o limitadas a, seu nome, endere\u00e7o de e-mail, endere\u00e7o postal, n\u00famero de telefone e informa\u00e7\u00f5es de pagamento.\t\t\t\t\t\t\t\t<\/div>\n\t\t\t\t<\/div>\n\t\t\t\t<div class=\"elementor-element elementor-element-a083846 elementor-widget elementor-widget-heading\" data-id=\"a083846\" data-element_type=\"widget\" data-e-type=\"widget\" data-widget_type=\"heading.default\">\n\t\t\t\t<div class=\"elementor-widget-container\">\n\t\t\t\t\t<h2 class=\"elementor-heading-title elementor-size-default\">Armazenamento e prote\u00e7\u00e3o de informa\u00e7\u00f5es pessoais<\/h2>\t\t\t\t<\/div>\n\t\t\t\t<\/div>\n\t\t\t\t<div class=\"elementor-element elementor-element-5d9a92e elementor-widget elementor-widget-text-editor\" data-id=\"5d9a92e\" data-element_type=\"widget\" data-e-type=\"widget\" data-widget_type=\"text-editor.default\">\n\t\t\t\t<div class=\"elementor-widget-container\">\n\t\t\t\t\t\t\t\t\tArmazenamos as informa\u00e7\u00f5es pessoais coletadas em servidores seguros, protegidos por medidas de seguran\u00e7a f\u00edsicas e tecnol\u00f3gicas. N\u00f3s tamb\u00e9m adotamos medidas de seguran\u00e7a para proteger as informa\u00e7\u00f5es pessoais contra perda, mau uso, acesso n\u00e3o autorizado, altera\u00e7\u00e3o e destrui\u00e7\u00e3o.\t\t\t\t\t\t\t\t<\/div>\n\t\t\t\t<\/div>\n\t\t\t\t<div class=\"elementor-element elementor-element-c09a3b5 elementor-widget elementor-widget-heading\" data-id=\"c09a3b5\" data-element_type=\"widget\" data-e-type=\"widget\" data-widget_type=\"heading.default\">\n\t\t\t\t<div class=\"elementor-widget-container\">\n\t\t\t\t\t<h2 class=\"elementor-heading-title elementor-size-default\">Uso de informa\u00e7\u00f5es pessoais<\/h2>\t\t\t\t<\/div>\n\t\t\t\t<\/div>\n\t\t\t\t<div class=\"elementor-element elementor-element-8a81acc elementor-widget elementor-widget-text-editor\" data-id=\"8a81acc\" data-element_type=\"widget\" data-e-type=\"widget\" data-widget_type=\"text-editor.default\">\n\t\t\t\t<div class=\"elementor-widget-container\">\n\t\t\t\t\t\t\t\t\t<strong>Usamos as informa\u00e7\u00f5es pessoais coletadas para:<\/strong><br>\n\u2022 Fornecer o melhor servi\u00e7o poss\u00edvel aos nossos usu\u00e1rios;<br>\n\u2022 Entrar em contato com voc\u00ea sobre atualiza\u00e7\u00f5es, promo\u00e7\u00f5es e outras informa\u00e7\u00f5es relevantes;<br>\n\u2022 Personalizar sua experi\u00eancia em nosso site, incluindo a exibi\u00e7\u00e3o de conte\u00fado personalizado;<br>\n\u2022 Processar pagamentos;<br>\n\u2022 Responder a perguntas e solucionar problemas.\n\t\t\t\t\t\t\t\t<\/div>\n\t\t\t\t<\/div>\n\t\t\t\t<div class=\"elementor-element elementor-element-38525e0 elementor-widget elementor-widget-heading\" data-id=\"38525e0\" data-element_type=\"widget\" data-e-type=\"widget\" data-widget_type=\"heading.default\">\n\t\t\t\t<div class=\"elementor-widget-container\">\n\t\t\t\t\t<h2 class=\"elementor-heading-title elementor-size-default\">Compartilhamento de informa\u00e7\u00f5es pessoais<\/h2>\t\t\t\t<\/div>\n\t\t\t\t<\/div>\n\t\t\t\t<div class=\"elementor-element elementor-element-167fc36 elementor-widget elementor-widget-text-editor\" data-id=\"167fc36\" data-element_type=\"widget\" data-e-type=\"widget\" data-widget_type=\"text-editor.default\">\n\t\t\t\t<div class=\"elementor-widget-container\">\n\t\t\t\t\t\t\t\t\tN\u00e3o vendemos, trocamos ou alugamos informa\u00e7\u00f5es pessoais a terceiros. No entanto, em alguns casos, podemos compartilhar informa\u00e7\u00f5es pessoais com terceiros para fins de processamento de pagamentos ou para cumprir obriga\u00e7\u00f5es legais.\n\t\t\t\t\t\t\t\t<\/div>\n\t\t\t\t<\/div>\n\t\t\t\t<div class=\"elementor-element elementor-element-d74811a elementor-widget elementor-widget-heading\" data-id=\"d74811a\" data-element_type=\"widget\" data-e-type=\"widget\" data-widget_type=\"heading.default\">\n\t\t\t\t<div class=\"elementor-widget-container\">\n\t\t\t\t\t<h2 class=\"elementor-heading-title elementor-size-default\">Cookies<\/h2>\t\t\t\t<\/div>\n\t\t\t\t<\/div>\n\t\t\t\t<div class=\"elementor-element elementor-element-c338fd4 elementor-widget elementor-widget-text-editor\" data-id=\"c338fd4\" data-element_type=\"widget\" data-e-type=\"widget\" data-widget_type=\"text-editor.default\">\n\t\t\t\t<div class=\"elementor-widget-container\">\n\t\t\t\t\t\t\t\t\tN\u00f3s usamos cookies para melhorar sua experi\u00eancia em nosso site. Cookies s\u00e3o pequenos arquivos de texto que s\u00e3o armazenados no seu dispositivo quando voc\u00ea visita nosso site.\n\t\t\t\t\t\t\t\t<\/div>\n\t\t\t\t<\/div>\n\t\t\t\t\t<\/div>\n\t\t<\/div>\n\t\t\t\t<div class=\"elementor-column elementor-col-33 elementor-top-column elementor-element elementor-element-e7e3a5f\" data-id=\"e7e3a5f\" data-element_type=\"column\" data-e-type=\"column\">\n\t\t\t<div class=\"elementor-widget-wrap\">\n\t\t\t\t\t\t\t<\/div>\n\t\t<\/div>\n\t\t\t\t\t<\/div>\n\t\t<\/section>\n\t\t\t\t<\/div>","protected":false},"excerpt":{"rendered":"<p>Pol\u00edtica de privacidade da Upskill Platform A privacidade dos nossos usu\u00e1rios \u00e9 de extrema import\u00e2ncia para a Upskill Platform. N\u00f3s compreendemos que as informa\u00e7\u00f5es pessoais coletadas em nosso site precisam ser tratadas com cuidado e respeito. Dessa forma, estabelecemos esta pol\u00edtica de privacidade para descrever como coletamos, armazenamos e utilizamos informa\u00e7\u00f5es pessoais. Coleta de informa\u00e7\u00f5es [&hellip;]<\/p>\n","protected":false},"author":1,"featured_media":0,"parent":0,"menu_order":0,"comment_status":"closed","ping_status":"closed","template":"","meta":{"footnotes":""},"class_list":["post-3","page","type-page","status-publish","hentry"],"yoast_head":"<!-- This site is optimized with the Yoast SEO plugin v27.3 - https:\/\/yoast.com\/product\/yoast-seo-wordpress\/ -->\n<title>Termos e Pol\u00edtica de privacidade - Upskill Platform<\/title>\n<meta name=\"robots\" content=\"index, follow, max-snippet:-1, max-image-preview:large, max-video-preview:-1\" \/>\n<link rel=\"canonical\" href=\"https:\/\/upskillplatform.com\/pt\/termos-e-politicas-de-privacidade\/\" \/>\n<meta property=\"og:locale\" content=\"pt_PT\" \/>\n<meta property=\"og:type\" content=\"article\" \/>\n<meta property=\"og:title\" content=\"Termos e Pol\u00edtica de privacidade - Upskill Platform\" \/>\n<meta property=\"og:description\" content=\"Pol\u00edtica de privacidade da Upskill Platform A privacidade dos nossos usu\u00e1rios \u00e9 de extrema import\u00e2ncia para a Upskill Platform. N\u00f3s compreendemos que as informa\u00e7\u00f5es pessoais coletadas em nosso site precisam ser tratadas com cuidado e respeito. Dessa forma, estabelecemos esta pol\u00edtica de privacidade para descrever como coletamos, armazenamos e utilizamos informa\u00e7\u00f5es pessoais. Coleta de informa\u00e7\u00f5es [&hellip;]\" \/>\n<meta property=\"og:url\" content=\"https:\/\/upskillplatform.com\/pt\/termos-e-politicas-de-privacidade\/\" \/>\n<meta property=\"og:site_name\" content=\"Upskill Platform\" \/>\n<meta property=\"article:modified_time\" content=\"2023-03-23T17:48:06+00:00\" \/>\n<meta name=\"twitter:card\" content=\"summary_large_image\" \/>\n<meta name=\"twitter:label1\" content=\"Tempo estimado de leitura\" \/>\n\t<meta name=\"twitter:data1\" content=\"2 minutos\" \/>\n<script type=\"application\/ld+json\" class=\"yoast-schema-graph\">{\"@context\":\"https:\\\/\\\/schema.org\",\"@graph\":[{\"@type\":\"WebPage\",\"@id\":\"https:\\\/\\\/upskillplatform.com\\\/termos-e-politicas-de-privacidade\\\/\",\"url\":\"https:\\\/\\\/upskillplatform.com\\\/termos-e-politicas-de-privacidade\\\/\",\"name\":\"Termos e Pol\u00edtica de privacidade - Upskill Platform\",\"isPartOf\":{\"@id\":\"https:\\\/\\\/upskillplatform.com\\\/#website\"},\"datePublished\":\"2022-06-21T14:59:20+00:00\",\"dateModified\":\"2023-03-23T17:48:06+00:00\",\"breadcrumb\":{\"@id\":\"https:\\\/\\\/upskillplatform.com\\\/termos-e-politicas-de-privacidade\\\/#breadcrumb\"},\"inLanguage\":\"pt-PT\",\"potentialAction\":[{\"@type\":\"ReadAction\",\"target\":[\"https:\\\/\\\/upskillplatform.com\\\/termos-e-politicas-de-privacidade\\\/\"]}]},{\"@type\":\"BreadcrumbList\",\"@id\":\"https:\\\/\\\/upskillplatform.com\\\/termos-e-politicas-de-privacidade\\\/#breadcrumb\",\"itemListElement\":[{\"@type\":\"ListItem\",\"position\":1,\"name\":\"In\u00edcio\",\"item\":\"https:\\\/\\\/upskillplatform.com\\\/\"},{\"@type\":\"ListItem\",\"position\":2,\"name\":\"Termos e Pol\u00edtica de privacidade\"}]},{\"@type\":\"WebSite\",\"@id\":\"https:\\\/\\\/upskillplatform.com\\\/#website\",\"url\":\"https:\\\/\\\/upskillplatform.com\\\/\",\"name\":\"Upskill Platform\",\"description\":\"Mentoria de Lideran\u00e7a as a Service\",\"publisher\":{\"@id\":\"https:\\\/\\\/upskillplatform.com\\\/#organization\"},\"potentialAction\":[{\"@type\":\"SearchAction\",\"target\":{\"@type\":\"EntryPoint\",\"urlTemplate\":\"https:\\\/\\\/upskillplatform.com\\\/?s={search_term_string}\"},\"query-input\":{\"@type\":\"PropertyValueSpecification\",\"valueRequired\":true,\"valueName\":\"search_term_string\"}}],\"inLanguage\":\"pt-PT\"},{\"@type\":\"Organization\",\"@id\":\"https:\\\/\\\/upskillplatform.com\\\/#organization\",\"name\":\"Upskill Platform\",\"url\":\"https:\\\/\\\/upskillplatform.com\\\/\",\"logo\":{\"@type\":\"ImageObject\",\"inLanguage\":\"pt-PT\",\"@id\":\"https:\\\/\\\/upskillplatform.com\\\/#\\\/schema\\\/logo\\\/image\\\/\",\"url\":\"https:\\\/\\\/upskillplatform.com\\\/wp-content\\\/uploads\\\/2022\\\/07\\\/upskill-black.webp\",\"contentUrl\":\"https:\\\/\\\/upskillplatform.com\\\/wp-content\\\/uploads\\\/2022\\\/07\\\/upskill-black.webp\",\"width\":1536,\"height\":745,\"caption\":\"Upskill Platform\"},\"image\":{\"@id\":\"https:\\\/\\\/upskillplatform.com\\\/#\\\/schema\\\/logo\\\/image\\\/\"},\"sameAs\":[\"https:\\\/\\\/www.linkedin.com\\\/company\\\/upskillplatform\"]}]}<\/script>\n<!-- \/ Yoast SEO plugin. -->","yoast_head_json":{"title":"Termos e Pol\u00edtica de privacidade - Upskill Platform","robots":{"index":"index","follow":"follow","max-snippet":"max-snippet:-1","max-image-preview":"max-image-preview:large","max-video-preview":"max-video-preview:-1"},"canonical":"https:\/\/upskillplatform.com\/pt\/termos-e-politicas-de-privacidade\/","og_locale":"pt_PT","og_type":"article","og_title":"Termos e Pol\u00edtica de privacidade - Upskill Platform","og_description":"Pol\u00edtica de privacidade da Upskill Platform A privacidade dos nossos usu\u00e1rios \u00e9 de extrema import\u00e2ncia para a Upskill Platform. N\u00f3s compreendemos que as informa\u00e7\u00f5es pessoais coletadas em nosso site precisam ser tratadas com cuidado e respeito. Dessa forma, estabelecemos esta pol\u00edtica de privacidade para descrever como coletamos, armazenamos e utilizamos informa\u00e7\u00f5es pessoais. Coleta de informa\u00e7\u00f5es [&hellip;]","og_url":"https:\/\/upskillplatform.com\/pt\/termos-e-politicas-de-privacidade\/","og_site_name":"Upskill Platform","article_modified_time":"2023-03-23T17:48:06+00:00","twitter_card":"summary_large_image","twitter_misc":{"Tempo estimado de leitura":"2 minutos"},"schema":{"@context":"https:\/\/schema.org","@graph":[{"@type":"WebPage","@id":"https:\/\/upskillplatform.com\/termos-e-politicas-de-privacidade\/","url":"https:\/\/upskillplatform.com\/termos-e-politicas-de-privacidade\/","name":"Termos e Pol\u00edtica de privacidade - Upskill Platform","isPartOf":{"@id":"https:\/\/upskillplatform.com\/#website"},"datePublished":"2022-06-21T14:59:20+00:00","dateModified":"2023-03-23T17:48:06+00:00","breadcrumb":{"@id":"https:\/\/upskillplatform.com\/termos-e-politicas-de-privacidade\/#breadcrumb"},"inLanguage":"pt-PT","potentialAction":[{"@type":"ReadAction","target":["https:\/\/upskillplatform.com\/termos-e-politicas-de-privacidade\/"]}]},{"@type":"BreadcrumbList","@id":"https:\/\/upskillplatform.com\/termos-e-politicas-de-privacidade\/#breadcrumb","itemListElement":[{"@type":"ListItem","position":1,"name":"In\u00edcio","item":"https:\/\/upskillplatform.com\/"},{"@type":"ListItem","position":2,"name":"Termos e Pol\u00edtica de privacidade"}]},{"@type":"WebSite","@id":"https:\/\/upskillplatform.com\/#website","url":"https:\/\/upskillplatform.com\/","name":"Upskill Platform","description":"Mentoria de Lideran\u00e7a as a Service","publisher":{"@id":"https:\/\/upskillplatform.com\/#organization"},"potentialAction":[{"@type":"SearchAction","target":{"@type":"EntryPoint","urlTemplate":"https:\/\/upskillplatform.com\/?s={search_term_string}"},"query-input":{"@type":"PropertyValueSpecification","valueRequired":true,"valueName":"search_term_string"}}],"inLanguage":"pt-PT"},{"@type":"Organization","@id":"https:\/\/upskillplatform.com\/#organization","name":"Upskill Platform","url":"https:\/\/upskillplatform.com\/","logo":{"@type":"ImageObject","inLanguage":"pt-PT","@id":"https:\/\/upskillplatform.com\/#\/schema\/logo\/image\/","url":"https:\/\/upskillplatform.com\/wp-content\/uploads\/2022\/07\/upskill-black.webp","contentUrl":"https:\/\/upskillplatform.com\/wp-content\/uploads\/2022\/07\/upskill-black.webp","width":1536,"height":745,"caption":"Upskill Platform"},"image":{"@id":"https:\/\/upskillplatform.com\/#\/schema\/logo\/image\/"},"sameAs":["https:\/\/www.linkedin.com\/company\/upskillplatform"]}]}},"_links":{"self":[{"href":"https:\/\/upskillplatform.com\/pt\/wp-json\/wp\/v2\/pages\/3","targetHints":{"allow":["GET"]}}],"collection":[{"href":"https:\/\/upskillplatform.com\/pt\/wp-json\/wp\/v2\/pages"}],"about":[{"href":"https:\/\/upskillplatform.com\/pt\/wp-json\/wp\/v2\/types\/page"}],"author":[{"embeddable":true,"href":"https:\/\/upskillplatform.com\/pt\/wp-json\/wp\/v2\/users\/1"}],"replies":[{"embeddable":true,"href":"https:\/\/upskillplatform.com\/pt\/wp-json\/wp\/v2\/comments?post=3"}],"version-history":[{"count":9,"href":"https:\/\/upskillplatform.com\/pt\/wp-json\/wp\/v2\/pages\/3\/revisions"}],"predecessor-version":[{"id":1592,"href":"https:\/\/upskillplatform.com\/pt\/wp-json\/wp\/v2\/pages\/3\/revisions\/1592"}],"wp:attachment":[{"href":"https:\/\/upskillplatform.com\/pt\/wp-json\/wp\/v2\/media?parent=3"}],"curies":[{"name":"wp","href":"https:\/\/api.w.org\/{rel}","templated":true}]}}