{"id":1724,"date":"2023-05-11T12:58:50","date_gmt":"2023-05-11T12:58:50","guid":{"rendered":"https:\/\/upskillplatform.com\/?page_id=1724"},"modified":"2023-05-11T14:18:41","modified_gmt":"2023-05-11T14:18:41","slug":"christiano-neis","status":"publish","type":"page","link":"https:\/\/upskillplatform.com\/pt\/christiano-neis\/","title":{"rendered":"Christiano Neis"},"content":{"rendered":"<div data-elementor-type=\"wp-page\" data-elementor-id=\"1724\" class=\"elementor elementor-1724\" data-elementor-post-type=\"page\">\n\t\t\t\t\t\t<section class=\"elementor-section elementor-top-section elementor-element elementor-element-4a49714 elementor-section-boxed elementor-section-height-default elementor-section-height-default\" data-id=\"4a49714\" data-element_type=\"section\" data-e-type=\"section\">\n\t\t\t\t\t\t<div class=\"elementor-container elementor-column-gap-default\">\n\t\t\t\t\t<div class=\"elementor-column elementor-col-50 elementor-top-column elementor-element elementor-element-fcb2480\" data-id=\"fcb2480\" data-element_type=\"column\" data-e-type=\"column\" data-settings=\"{&quot;background_background&quot;:&quot;classic&quot;}\">\n\t\t\t<div class=\"elementor-widget-wrap elementor-element-populated\">\n\t\t\t\t\t\t<div class=\"elementor-element elementor-element-99417d9 elementor-widget elementor-widget-spacer\" data-id=\"99417d9\" data-element_type=\"widget\" data-e-type=\"widget\" data-widget_type=\"spacer.default\">\n\t\t\t\t<div class=\"elementor-widget-container\">\n\t\t\t\t\t\t\t<div class=\"elementor-spacer\">\n\t\t\t<div class=\"elementor-spacer-inner\"><\/div>\n\t\t<\/div>\n\t\t\t\t\t\t<\/div>\n\t\t\t\t<\/div>\n\t\t\t\t\t<\/div>\n\t\t<\/div>\n\t\t\t\t<div class=\"elementor-column elementor-col-50 elementor-top-column elementor-element elementor-element-1f78035\" data-id=\"1f78035\" data-element_type=\"column\" data-e-type=\"column\">\n\t\t\t<div class=\"elementor-widget-wrap elementor-element-populated\">\n\t\t\t\t\t\t<div class=\"elementor-element elementor-element-acff989 elementor-widget elementor-widget-button\" data-id=\"acff989\" data-element_type=\"widget\" data-e-type=\"widget\" data-widget_type=\"button.default\">\n\t\t\t\t<div class=\"elementor-widget-container\">\n\t\t\t\t\t\t\t\t\t<div class=\"elementor-button-wrapper\">\n\t\t\t\t\t<a class=\"elementor-button elementor-button-link elementor-size-sm\" href=\"#\">\n\t\t\t\t\t\t<span class=\"elementor-button-content-wrapper\">\n\t\t\t\t\t\t\t\t\t<span class=\"elementor-button-text\">CTO<\/span>\n\t\t\t\t\t<\/span>\n\t\t\t\t\t<\/a>\n\t\t\t\t<\/div>\n\t\t\t\t\t\t\t\t<\/div>\n\t\t\t\t<\/div>\n\t\t\t\t<div class=\"elementor-element elementor-element-21af7b2 elementor-widget elementor-widget-heading\" data-id=\"21af7b2\" data-element_type=\"widget\" data-e-type=\"widget\" data-widget_type=\"heading.default\">\n\t\t\t\t<div class=\"elementor-widget-container\">\n\t\t\t\t\t<h2 class=\"elementor-heading-title elementor-size-default\">Christiano Neis<\/h2>\t\t\t\t<\/div>\n\t\t\t\t<\/div>\n\t\t\t\t<div class=\"elementor-element elementor-element-66ad97d elementor-widget elementor-widget-text-editor\" data-id=\"66ad97d\" data-element_type=\"widget\" data-e-type=\"widget\" data-widget_type=\"text-editor.default\">\n\t\t\t\t<div class=\"elementor-widget-container\">\n\t\t\t\t\t\t\t\t\tChristiano \u00e9 executivo da \u00e1rea de Tecnologia com mais de 25 anos de experi\u00eancia em empresas internacionais de diversos setores.\n<br><br>\nDesde 2018, Christiano tem se dedicado ao empreendedorismo em mercados de tecnologia globais, cofundando as plataformas de Desenvolvimento Humano e Well-being, DeRose Meditation em Nova York e Upskill Platform no Brasil, nas quais tamb\u00e9m atua como CTO.   \n<br><br>\nEle tamb\u00e9m \u00e9 atleta de triatlo, tendo participado de 4x IronMan e 16x 70.3 IronMan, dentre outras provas dessa modalidade.  Christiano acredita que a disciplina e a determina\u00e7\u00e3o necess\u00e1rias para praticar esse esporte de alta performance o ajudam a desenvolver habilidades importantes que tamb\u00e9m se aplicam ao mundo dos neg\u00f3cios para o sucesso. \n<br><br>\nEssa paix\u00e3o pelo bem-estar f\u00edsico e mental faz com que o Christiano busque de forma incans\u00e1vel solu\u00e7\u00f5es que possam ajudar cada vez mais as pessoas a superarem seus pr\u00f3prios desafios e a alcan\u00e7arem seus objetivos pessoais e profissionais atrav\u00e9s de uma vida mais plena e saud\u00e1vel.\n<br><br>\nChristiano \u00e9 formado em Engenharia Eletr\u00f4nica pela Mau\u00e1, e tem MBA em Administra\u00e7\u00e3o de Empresas com \u00eanfase em Tecnologia pela FGV.  Entusiasta de inova\u00e7\u00e3o, \u00e9 certificado em diversas ferramentas tecnol\u00f3gicas que impulsionam o neg\u00f3cio e seus colaboradores no dia-a-dia da organiza\u00e7\u00e3o.\n\n\t\t\t\t\t\t\t\t<\/div>\n\t\t\t\t<\/div>\n\t\t\t\t\t<\/div>\n\t\t<\/div>\n\t\t\t\t\t<\/div>\n\t\t<\/section>\n\t\t\t\t<\/div>","protected":false},"excerpt":{"rendered":"<p>CTO Christiano Neis Christiano \u00e9 executivo da \u00e1rea de Tecnologia com mais de 25 anos de experi\u00eancia em empresas internacionais de diversos setores. Desde 2018, Christiano tem se dedicado ao empreendedorismo em mercados de tecnologia globais, cofundando as plataformas de Desenvolvimento Humano e Well-being, DeRose Meditation em Nova York e Upskill Platform no Brasil, nas [&hellip;]<\/p>\n","protected":false},"author":1,"featured_media":0,"parent":0,"menu_order":0,"comment_status":"closed","ping_status":"closed","template":"","meta":{"footnotes":""},"class_list":["post-1724","page","type-page","status-publish","hentry"],"yoast_head":"<!-- This site is optimized with the Yoast SEO plugin v27.3 - https:\/\/yoast.com\/product\/yoast-seo-wordpress\/ -->\n<title>Christiano Neis - Upskill Platform<\/title>\n<meta name=\"robots\" content=\"index, follow, max-snippet:-1, max-image-preview:large, max-video-preview:-1\" \/>\n<link rel=\"canonical\" href=\"https:\/\/upskillplatform.com\/pt\/christiano-neis\/\" \/>\n<meta property=\"og:locale\" content=\"pt_PT\" \/>\n<meta property=\"og:type\" content=\"article\" \/>\n<meta property=\"og:title\" content=\"Christiano Neis - Upskill Platform\" \/>\n<meta property=\"og:description\" content=\"CTO Christiano Neis Christiano \u00e9 executivo da \u00e1rea de Tecnologia com mais de 25 anos de experi\u00eancia em empresas internacionais de diversos setores. Desde 2018, Christiano tem se dedicado ao empreendedorismo em mercados de tecnologia globais, cofundando as plataformas de Desenvolvimento Humano e Well-being, DeRose Meditation em Nova York e Upskill Platform no Brasil, nas [&hellip;]\" \/>\n<meta property=\"og:url\" content=\"https:\/\/upskillplatform.com\/pt\/christiano-neis\/\" \/>\n<meta property=\"og:site_name\" content=\"Upskill Platform\" \/>\n<meta property=\"article:modified_time\" content=\"2023-05-11T14:18:41+00:00\" \/>\n<meta name=\"twitter:card\" content=\"summary_large_image\" \/>\n<meta name=\"twitter:label1\" content=\"Tempo estimado de leitura\" \/>\n\t<meta name=\"twitter:data1\" content=\"2 minutos\" \/>\n<script type=\"application\/ld+json\" class=\"yoast-schema-graph\">{\"@context\":\"https:\\\/\\\/schema.org\",\"@graph\":[{\"@type\":\"WebPage\",\"@id\":\"https:\\\/\\\/upskillplatform.com\\\/christiano-neis\\\/\",\"url\":\"https:\\\/\\\/upskillplatform.com\\\/christiano-neis\\\/\",\"name\":\"Christiano Neis - Upskill Platform\",\"isPartOf\":{\"@id\":\"https:\\\/\\\/upskillplatform.com\\\/#website\"},\"datePublished\":\"2023-05-11T12:58:50+00:00\",\"dateModified\":\"2023-05-11T14:18:41+00:00\",\"breadcrumb\":{\"@id\":\"https:\\\/\\\/upskillplatform.com\\\/christiano-neis\\\/#breadcrumb\"},\"inLanguage\":\"pt-PT\",\"potentialAction\":[{\"@type\":\"ReadAction\",\"target\":[\"https:\\\/\\\/upskillplatform.com\\\/christiano-neis\\\/\"]}]},{\"@type\":\"BreadcrumbList\",\"@id\":\"https:\\\/\\\/upskillplatform.com\\\/christiano-neis\\\/#breadcrumb\",\"itemListElement\":[{\"@type\":\"ListItem\",\"position\":1,\"name\":\"In\u00edcio\",\"item\":\"https:\\\/\\\/upskillplatform.com\\\/\"},{\"@type\":\"ListItem\",\"position\":2,\"name\":\"Christiano Neis\"}]},{\"@type\":\"WebSite\",\"@id\":\"https:\\\/\\\/upskillplatform.com\\\/#website\",\"url\":\"https:\\\/\\\/upskillplatform.com\\\/\",\"name\":\"Upskill Platform\",\"description\":\"Mentoria de Lideran\u00e7a as a Service\",\"publisher\":{\"@id\":\"https:\\\/\\\/upskillplatform.com\\\/#organization\"},\"potentialAction\":[{\"@type\":\"SearchAction\",\"target\":{\"@type\":\"EntryPoint\",\"urlTemplate\":\"https:\\\/\\\/upskillplatform.com\\\/?s={search_term_string}\"},\"query-input\":{\"@type\":\"PropertyValueSpecification\",\"valueRequired\":true,\"valueName\":\"search_term_string\"}}],\"inLanguage\":\"pt-PT\"},{\"@type\":\"Organization\",\"@id\":\"https:\\\/\\\/upskillplatform.com\\\/#organization\",\"name\":\"Upskill Platform\",\"url\":\"https:\\\/\\\/upskillplatform.com\\\/\",\"logo\":{\"@type\":\"ImageObject\",\"inLanguage\":\"pt-PT\",\"@id\":\"https:\\\/\\\/upskillplatform.com\\\/#\\\/schema\\\/logo\\\/image\\\/\",\"url\":\"https:\\\/\\\/upskillplatform.com\\\/wp-content\\\/uploads\\\/2022\\\/07\\\/upskill-black.webp\",\"contentUrl\":\"https:\\\/\\\/upskillplatform.com\\\/wp-content\\\/uploads\\\/2022\\\/07\\\/upskill-black.webp\",\"width\":1536,\"height\":745,\"caption\":\"Upskill Platform\"},\"image\":{\"@id\":\"https:\\\/\\\/upskillplatform.com\\\/#\\\/schema\\\/logo\\\/image\\\/\"},\"sameAs\":[\"https:\\\/\\\/www.linkedin.com\\\/company\\\/upskillplatform\"]}]}<\/script>\n<!-- \/ Yoast SEO plugin. -->","yoast_head_json":{"title":"Christiano Neis - Upskill Platform","robots":{"index":"index","follow":"follow","max-snippet":"max-snippet:-1","max-image-preview":"max-image-preview:large","max-video-preview":"max-video-preview:-1"},"canonical":"https:\/\/upskillplatform.com\/pt\/christiano-neis\/","og_locale":"pt_PT","og_type":"article","og_title":"Christiano Neis - Upskill Platform","og_description":"CTO Christiano Neis Christiano \u00e9 executivo da \u00e1rea de Tecnologia com mais de 25 anos de experi\u00eancia em empresas internacionais de diversos setores. Desde 2018, Christiano tem se dedicado ao empreendedorismo em mercados de tecnologia globais, cofundando as plataformas de Desenvolvimento Humano e Well-being, DeRose Meditation em Nova York e Upskill Platform no Brasil, nas [&hellip;]","og_url":"https:\/\/upskillplatform.com\/pt\/christiano-neis\/","og_site_name":"Upskill Platform","article_modified_time":"2023-05-11T14:18:41+00:00","twitter_card":"summary_large_image","twitter_misc":{"Tempo estimado de leitura":"2 minutos"},"schema":{"@context":"https:\/\/schema.org","@graph":[{"@type":"WebPage","@id":"https:\/\/upskillplatform.com\/christiano-neis\/","url":"https:\/\/upskillplatform.com\/christiano-neis\/","name":"Christiano Neis - Upskill Platform","isPartOf":{"@id":"https:\/\/upskillplatform.com\/#website"},"datePublished":"2023-05-11T12:58:50+00:00","dateModified":"2023-05-11T14:18:41+00:00","breadcrumb":{"@id":"https:\/\/upskillplatform.com\/christiano-neis\/#breadcrumb"},"inLanguage":"pt-PT","potentialAction":[{"@type":"ReadAction","target":["https:\/\/upskillplatform.com\/christiano-neis\/"]}]},{"@type":"BreadcrumbList","@id":"https:\/\/upskillplatform.com\/christiano-neis\/#breadcrumb","itemListElement":[{"@type":"ListItem","position":1,"name":"In\u00edcio","item":"https:\/\/upskillplatform.com\/"},{"@type":"ListItem","position":2,"name":"Christiano Neis"}]},{"@type":"WebSite","@id":"https:\/\/upskillplatform.com\/#website","url":"https:\/\/upskillplatform.com\/","name":"Upskill Platform","description":"Mentoria de Lideran\u00e7a as a Service","publisher":{"@id":"https:\/\/upskillplatform.com\/#organization"},"potentialAction":[{"@type":"SearchAction","target":{"@type":"EntryPoint","urlTemplate":"https:\/\/upskillplatform.com\/?s={search_term_string}"},"query-input":{"@type":"PropertyValueSpecification","valueRequired":true,"valueName":"search_term_string"}}],"inLanguage":"pt-PT"},{"@type":"Organization","@id":"https:\/\/upskillplatform.com\/#organization","name":"Upskill Platform","url":"https:\/\/upskillplatform.com\/","logo":{"@type":"ImageObject","inLanguage":"pt-PT","@id":"https:\/\/upskillplatform.com\/#\/schema\/logo\/image\/","url":"https:\/\/upskillplatform.com\/wp-content\/uploads\/2022\/07\/upskill-black.webp","contentUrl":"https:\/\/upskillplatform.com\/wp-content\/uploads\/2022\/07\/upskill-black.webp","width":1536,"height":745,"caption":"Upskill Platform"},"image":{"@id":"https:\/\/upskillplatform.com\/#\/schema\/logo\/image\/"},"sameAs":["https:\/\/www.linkedin.com\/company\/upskillplatform"]}]}},"_links":{"self":[{"href":"https:\/\/upskillplatform.com\/pt\/wp-json\/wp\/v2\/pages\/1724","targetHints":{"allow":["GET"]}}],"collection":[{"href":"https:\/\/upskillplatform.com\/pt\/wp-json\/wp\/v2\/pages"}],"about":[{"href":"https:\/\/upskillplatform.com\/pt\/wp-json\/wp\/v2\/types\/page"}],"author":[{"embeddable":true,"href":"https:\/\/upskillplatform.com\/pt\/wp-json\/wp\/v2\/users\/1"}],"replies":[{"embeddable":true,"href":"https:\/\/upskillplatform.com\/pt\/wp-json\/wp\/v2\/comments?post=1724"}],"version-history":[{"count":10,"href":"https:\/\/upskillplatform.com\/pt\/wp-json\/wp\/v2\/pages\/1724\/revisions"}],"predecessor-version":[{"id":1827,"href":"https:\/\/upskillplatform.com\/pt\/wp-json\/wp\/v2\/pages\/1724\/revisions\/1827"}],"wp:attachment":[{"href":"https:\/\/upskillplatform.com\/pt\/wp-json\/wp\/v2\/media?parent=1724"}],"curies":[{"name":"wp","href":"https:\/\/api.w.org\/{rel}","templated":true}]}}