{"id":6140,"date":"2026-02-05T16:36:13","date_gmt":"2026-02-05T19:36:13","guid":{"rendered":"https:\/\/upskillplatform.com\/?page_id=6140"},"modified":"2026-02-05T17:09:38","modified_gmt":"2026-02-05T20:09:38","slug":"renata-randi","status":"publish","type":"page","link":"https:\/\/upskillplatform.com\/es\/renata-randi\/","title":{"rendered":"Renata Randi"},"content":{"rendered":"<div data-elementor-type=\"wp-page\" data-elementor-id=\"6140\" class=\"elementor elementor-6140\" data-elementor-post-type=\"page\">\n\t\t\t\t\t\t<section class=\"elementor-section elementor-top-section elementor-element elementor-element-606f0b6 elementor-section-boxed elementor-section-height-default elementor-section-height-default\" data-id=\"606f0b6\" data-element_type=\"section\" data-e-type=\"section\">\n\t\t\t\t\t\t<div class=\"elementor-container elementor-column-gap-default\">\n\t\t\t\t\t<div class=\"elementor-column elementor-col-50 elementor-top-column elementor-element elementor-element-26fde9e\" data-id=\"26fde9e\" data-element_type=\"column\" data-e-type=\"column\" data-settings=\"{&quot;background_background&quot;:&quot;classic&quot;}\">\n\t\t\t<div class=\"elementor-widget-wrap elementor-element-populated\">\n\t\t\t\t\t\t<div class=\"elementor-element elementor-element-56fcd1a elementor-widget elementor-widget-spacer\" data-id=\"56fcd1a\" data-element_type=\"widget\" data-e-type=\"widget\" data-widget_type=\"spacer.default\">\n\t\t\t\t<div class=\"elementor-widget-container\">\n\t\t\t\t\t\t\t<div class=\"elementor-spacer\">\n\t\t\t<div class=\"elementor-spacer-inner\"><\/div>\n\t\t<\/div>\n\t\t\t\t\t\t<\/div>\n\t\t\t\t<\/div>\n\t\t\t\t\t<\/div>\n\t\t<\/div>\n\t\t\t\t<div class=\"elementor-column elementor-col-50 elementor-top-column elementor-element elementor-element-6b7cb07\" data-id=\"6b7cb07\" data-element_type=\"column\" data-e-type=\"column\">\n\t\t\t<div class=\"elementor-widget-wrap elementor-element-populated\">\n\t\t\t\t\t\t<div class=\"elementor-element elementor-element-7ecf3f2 elementor-widget elementor-widget-button\" data-id=\"7ecf3f2\" data-element_type=\"widget\" data-e-type=\"widget\" data-widget_type=\"button.default\">\n\t\t\t\t<div class=\"elementor-widget-container\">\n\t\t\t\t\t\t\t\t\t<div class=\"elementor-button-wrapper\">\n\t\t\t\t\t<a class=\"elementor-button elementor-button-link elementor-size-sm\" href=\"#\">\n\t\t\t\t\t\t<span class=\"elementor-button-content-wrapper\">\n\t\t\t\t\t\t\t\t\t<span class=\"elementor-button-text\">SOCIO Y DIRECTOR DE MARKETING<\/span>\n\t\t\t\t\t<\/span>\n\t\t\t\t\t<\/a>\n\t\t\t\t<\/div>\n\t\t\t\t\t\t\t\t<\/div>\n\t\t\t\t<\/div>\n\t\t\t\t<div class=\"elementor-element elementor-element-badb514 elementor-widget elementor-widget-heading\" data-id=\"badb514\" data-element_type=\"widget\" data-e-type=\"widget\" data-widget_type=\"heading.default\">\n\t\t\t\t<div class=\"elementor-widget-container\">\n\t\t\t\t\t<h2 class=\"elementor-heading-title elementor-size-default\">RENATA<br>RANDI<\/h2>\t\t\t\t<\/div>\n\t\t\t\t<\/div>\n\t\t\t\t<div class=\"elementor-element elementor-element-4a3b3dd elementor-widget elementor-widget-text-editor\" data-id=\"4a3b3dd\" data-element_type=\"widget\" data-e-type=\"widget\" data-widget_type=\"text-editor.default\">\n\t\t\t\t<div class=\"elementor-widget-container\">\n\t\t\t\t\t\t\t\t\t<p><span style=\"font-weight: 400;\">A lo largo de sus 30 a\u00f1os de carrera, ha adquirido una amplia experiencia ejecutiva en Desarrollo Empresarial, Marketing y Gesti\u00f3n de Alianzas.<\/span><\/p><p><span style=\"font-weight: 400;\">Ha ocupado diversos cargos ejecutivos, entre ellos el de Director de Marketing, ESG y Alianzas, tanto en Brasil como en Estados Unidos, en el Grupo Logicalis.<\/span><\/p><p><span style=\"font-weight: 400;\">Hoy, adem\u00e1s de ser socia, directora y mentora en Upskill, trabaja como consejera certificada y consultora estrat\u00e9gica, cofundando Duorum Consultoria y siendo inversora \u00e1ngel en Mubius WomenTech.<\/span><\/p><p><span style=\"font-weight: 400;\">Es licenciada en Ingenier\u00eda El\u00e9ctrica por la UNICAMP, tiene un posgrado en Marketing y un MBA por la Escuela de Negocios de la Universidad de Michigan (UMBS), con especializaci\u00f3n en Estrategia Corporativa y Marketing.<\/span><\/p>\t\t\t\t\t\t\t\t<\/div>\n\t\t\t\t<\/div>\n\t\t\t\t\t<\/div>\n\t\t<\/div>\n\t\t\t\t\t<\/div>\n\t\t<\/section>\n\t\t\t\t<\/div>","protected":false},"excerpt":{"rendered":"<p>S\u00d3CIA E DIRETORA DE MARKETING RENATARANDI Ao longo de seus 30 anos de carreira, adquiriu vasta experi\u00eancia executiva em Desenvolvimento de Neg\u00f3cios, Marketing e Gest\u00e3o de Alian\u00e7as. Ocupou diversas posi\u00e7\u00f5es executivas, com destaque para o cargo de Chief Marketing, ESG &amp; Alliances Officer, tanto no Brasil como nos Estados Unidos, no Grupo Logicalis. Hoje, al\u00e9m [&hellip;]<\/p>\n","protected":false},"author":3,"featured_media":0,"parent":0,"menu_order":0,"comment_status":"closed","ping_status":"closed","template":"","meta":{"footnotes":""},"class_list":["post-6140","page","type-page","status-publish","hentry"],"yoast_head":"<!-- This site is optimized with the Yoast SEO plugin v27.3 - https:\/\/yoast.com\/product\/yoast-seo-wordpress\/ -->\n<title>Renata Randi - Upskill Platform<\/title>\n<meta name=\"robots\" content=\"index, follow, max-snippet:-1, max-image-preview:large, max-video-preview:-1\" \/>\n<link rel=\"canonical\" href=\"https:\/\/upskillplatform.com\/es\/renata-randi\/\" \/>\n<meta property=\"og:locale\" content=\"es_ES\" \/>\n<meta property=\"og:type\" content=\"article\" \/>\n<meta property=\"og:title\" content=\"Renata Randi - Upskill Platform\" \/>\n<meta property=\"og:description\" content=\"S\u00d3CIA E DIRETORA DE MARKETING RENATARANDI Ao longo de seus 30 anos de carreira, adquiriu vasta experi\u00eancia executiva em Desenvolvimento de Neg\u00f3cios, Marketing e Gest\u00e3o de Alian\u00e7as. Ocupou diversas posi\u00e7\u00f5es executivas, com destaque para o cargo de Chief Marketing, ESG &amp; Alliances Officer, tanto no Brasil como nos Estados Unidos, no Grupo Logicalis. Hoje, al\u00e9m [&hellip;]\" \/>\n<meta property=\"og:url\" content=\"https:\/\/upskillplatform.com\/es\/renata-randi\/\" \/>\n<meta property=\"og:site_name\" content=\"Upskill Platform\" \/>\n<meta property=\"article:modified_time\" content=\"2026-02-05T20:09:38+00:00\" \/>\n<meta name=\"twitter:card\" content=\"summary_large_image\" \/>\n<meta name=\"twitter:label1\" content=\"Tiempo de lectura\" \/>\n\t<meta name=\"twitter:data1\" content=\"1 minuto\" \/>\n<script type=\"application\/ld+json\" class=\"yoast-schema-graph\">{\"@context\":\"https:\\\/\\\/schema.org\",\"@graph\":[{\"@type\":\"WebPage\",\"@id\":\"https:\\\/\\\/upskillplatform.com\\\/renata-randi\\\/\",\"url\":\"https:\\\/\\\/upskillplatform.com\\\/renata-randi\\\/\",\"name\":\"Renata Randi - Upskill Platform\",\"isPartOf\":{\"@id\":\"https:\\\/\\\/upskillplatform.com\\\/#website\"},\"datePublished\":\"2026-02-05T19:36:13+00:00\",\"dateModified\":\"2026-02-05T20:09:38+00:00\",\"breadcrumb\":{\"@id\":\"https:\\\/\\\/upskillplatform.com\\\/renata-randi\\\/#breadcrumb\"},\"inLanguage\":\"es\",\"potentialAction\":[{\"@type\":\"ReadAction\",\"target\":[\"https:\\\/\\\/upskillplatform.com\\\/renata-randi\\\/\"]}]},{\"@type\":\"BreadcrumbList\",\"@id\":\"https:\\\/\\\/upskillplatform.com\\\/renata-randi\\\/#breadcrumb\",\"itemListElement\":[{\"@type\":\"ListItem\",\"position\":1,\"name\":\"In\u00edcio\",\"item\":\"https:\\\/\\\/upskillplatform.com\\\/\"},{\"@type\":\"ListItem\",\"position\":2,\"name\":\"Renata Randi\"}]},{\"@type\":\"WebSite\",\"@id\":\"https:\\\/\\\/upskillplatform.com\\\/#website\",\"url\":\"https:\\\/\\\/upskillplatform.com\\\/\",\"name\":\"Upskill Platform\",\"description\":\"Mentoria de Lideran\u00e7a as a Service\",\"publisher\":{\"@id\":\"https:\\\/\\\/upskillplatform.com\\\/#organization\"},\"potentialAction\":[{\"@type\":\"SearchAction\",\"target\":{\"@type\":\"EntryPoint\",\"urlTemplate\":\"https:\\\/\\\/upskillplatform.com\\\/?s={search_term_string}\"},\"query-input\":{\"@type\":\"PropertyValueSpecification\",\"valueRequired\":true,\"valueName\":\"search_term_string\"}}],\"inLanguage\":\"es\"},{\"@type\":\"Organization\",\"@id\":\"https:\\\/\\\/upskillplatform.com\\\/#organization\",\"name\":\"Upskill Platform\",\"url\":\"https:\\\/\\\/upskillplatform.com\\\/\",\"logo\":{\"@type\":\"ImageObject\",\"inLanguage\":\"es\",\"@id\":\"https:\\\/\\\/upskillplatform.com\\\/#\\\/schema\\\/logo\\\/image\\\/\",\"url\":\"https:\\\/\\\/upskillplatform.com\\\/wp-content\\\/uploads\\\/2022\\\/07\\\/upskill-black.webp\",\"contentUrl\":\"https:\\\/\\\/upskillplatform.com\\\/wp-content\\\/uploads\\\/2022\\\/07\\\/upskill-black.webp\",\"width\":1536,\"height\":745,\"caption\":\"Upskill Platform\"},\"image\":{\"@id\":\"https:\\\/\\\/upskillplatform.com\\\/#\\\/schema\\\/logo\\\/image\\\/\"},\"sameAs\":[\"https:\\\/\\\/www.linkedin.com\\\/company\\\/upskillplatform\"]}]}<\/script>\n<!-- \/ Yoast SEO plugin. -->","yoast_head_json":{"title":"Renata Randi - Plataforma Upskill","robots":{"index":"index","follow":"follow","max-snippet":"max-snippet:-1","max-image-preview":"max-image-preview:large","max-video-preview":"max-video-preview:-1"},"canonical":"https:\/\/upskillplatform.com\/es\/renata-randi\/","og_locale":"es_ES","og_type":"article","og_title":"Renata Randi - Upskill Platform","og_description":"S\u00d3CIA E DIRETORA DE MARKETING RENATARANDI Ao longo de seus 30 anos de carreira, adquiriu vasta experi\u00eancia executiva em Desenvolvimento de Neg\u00f3cios, Marketing e Gest\u00e3o de Alian\u00e7as. Ocupou diversas posi\u00e7\u00f5es executivas, com destaque para o cargo de Chief Marketing, ESG &amp; Alliances Officer, tanto no Brasil como nos Estados Unidos, no Grupo Logicalis. Hoje, al\u00e9m [&hellip;]","og_url":"https:\/\/upskillplatform.com\/es\/renata-randi\/","og_site_name":"Upskill Platform","article_modified_time":"2026-02-05T20:09:38+00:00","twitter_card":"summary_large_image","twitter_misc":{"Tiempo de lectura":"1 minuto"},"schema":{"@context":"https:\/\/schema.org","@graph":[{"@type":"WebPage","@id":"https:\/\/upskillplatform.com\/renata-randi\/","url":"https:\/\/upskillplatform.com\/renata-randi\/","name":"Renata Randi - Plataforma Upskill","isPartOf":{"@id":"https:\/\/upskillplatform.com\/#website"},"datePublished":"2026-02-05T19:36:13+00:00","dateModified":"2026-02-05T20:09:38+00:00","breadcrumb":{"@id":"https:\/\/upskillplatform.com\/renata-randi\/#breadcrumb"},"inLanguage":"es","potentialAction":[{"@type":"ReadAction","target":["https:\/\/upskillplatform.com\/renata-randi\/"]}]},{"@type":"BreadcrumbList","@id":"https:\/\/upskillplatform.com\/renata-randi\/#breadcrumb","itemListElement":[{"@type":"ListItem","position":1,"name":"In\u00edcio","item":"https:\/\/upskillplatform.com\/"},{"@type":"ListItem","position":2,"name":"Renata Randi"}]},{"@type":"WebSite","@id":"https:\/\/upskillplatform.com\/#website","url":"https:\/\/upskillplatform.com\/","name":"Plataforma Upskill","description":"La tutor\u00eda de liderazgo como servicio","publisher":{"@id":"https:\/\/upskillplatform.com\/#organization"},"potentialAction":[{"@type":"SearchAction","target":{"@type":"EntryPoint","urlTemplate":"https:\/\/upskillplatform.com\/?s={search_term_string}"},"query-input":{"@type":"PropertyValueSpecification","valueRequired":true,"valueName":"search_term_string"}}],"inLanguage":"es"},{"@type":"Organization","@id":"https:\/\/upskillplatform.com\/#organization","name":"Plataforma Upskill","url":"https:\/\/upskillplatform.com\/","logo":{"@type":"ImageObject","inLanguage":"es","@id":"https:\/\/upskillplatform.com\/#\/schema\/logo\/image\/","url":"https:\/\/upskillplatform.com\/wp-content\/uploads\/2022\/07\/upskill-black.webp","contentUrl":"https:\/\/upskillplatform.com\/wp-content\/uploads\/2022\/07\/upskill-black.webp","width":1536,"height":745,"caption":"Upskill Platform"},"image":{"@id":"https:\/\/upskillplatform.com\/#\/schema\/logo\/image\/"},"sameAs":["https:\/\/www.linkedin.com\/company\/upskillplatform"]}]}},"_links":{"self":[{"href":"https:\/\/upskillplatform.com\/es\/wp-json\/wp\/v2\/pages\/6140","targetHints":{"allow":["GET"]}}],"collection":[{"href":"https:\/\/upskillplatform.com\/es\/wp-json\/wp\/v2\/pages"}],"about":[{"href":"https:\/\/upskillplatform.com\/es\/wp-json\/wp\/v2\/types\/page"}],"author":[{"embeddable":true,"href":"https:\/\/upskillplatform.com\/es\/wp-json\/wp\/v2\/users\/3"}],"replies":[{"embeddable":true,"href":"https:\/\/upskillplatform.com\/es\/wp-json\/wp\/v2\/comments?post=6140"}],"version-history":[{"count":7,"href":"https:\/\/upskillplatform.com\/es\/wp-json\/wp\/v2\/pages\/6140\/revisions"}],"predecessor-version":[{"id":6151,"href":"https:\/\/upskillplatform.com\/es\/wp-json\/wp\/v2\/pages\/6140\/revisions\/6151"}],"wp:attachment":[{"href":"https:\/\/upskillplatform.com\/es\/wp-json\/wp\/v2\/media?parent=6140"}],"curies":[{"name":"wp","href":"https:\/\/api.w.org\/{rel}","templated":true}]}}