{"id":5791,"date":"2025-12-04T15:00:10","date_gmt":"2025-12-04T18:00:10","guid":{"rendered":"https:\/\/upskillplatform.com\/?page_id=5791"},"modified":"2026-01-29T16:33:17","modified_gmt":"2026-01-29T19:33:17","slug":"soluciones","status":"publish","type":"page","link":"https:\/\/upskillplatform.com\/es\/soluciones\/","title":{"rendered":"Soluciones"},"content":{"rendered":"<div data-elementor-type=\"wp-page\" data-elementor-id=\"5791\" class=\"elementor elementor-5791\" data-elementor-post-type=\"page\">\n\t\t\t\t\t\t<section class=\"elementor-section elementor-top-section elementor-element elementor-element-6c044bb elementor-section-boxed elementor-section-height-default elementor-section-height-default\" data-id=\"6c044bb\" data-element_type=\"section\" data-e-type=\"section\" data-settings=\"{&quot;background_background&quot;:&quot;classic&quot;}\">\n\t\t\t\t\t\t\t<div class=\"elementor-background-overlay\"><\/div>\n\t\t\t\t\t\t\t<div class=\"elementor-container elementor-column-gap-default\">\n\t\t\t\t\t<div class=\"elementor-column elementor-col-33 elementor-top-column elementor-element elementor-element-42d8592\" data-id=\"42d8592\" data-element_type=\"column\" data-e-type=\"column\">\n\t\t\t<div class=\"elementor-widget-wrap\">\n\t\t\t\t\t\t\t<\/div>\n\t\t<\/div>\n\t\t\t\t<div class=\"elementor-column elementor-col-33 elementor-top-column elementor-element elementor-element-efdf018\" data-id=\"efdf018\" data-element_type=\"column\" data-e-type=\"column\">\n\t\t\t<div class=\"elementor-widget-wrap elementor-element-populated\">\n\t\t\t\t\t\t<div class=\"elementor-element elementor-element-47895dd elementor-widget elementor-widget-heading\" data-id=\"47895dd\" data-element_type=\"widget\" data-e-type=\"widget\" data-widget_type=\"heading.default\">\n\t\t\t\t<div class=\"elementor-widget-container\">\n\t\t\t\t\t<h2 class=\"elementor-heading-title elementor-size-default\">Acelerar la madurez del liderazgo con<\/h2>\t\t\t\t<\/div>\n\t\t\t\t<\/div>\n\t\t\t\t<div class=\"elementor-element elementor-element-2cb6ef0 elementor-widget elementor-widget-heading\" data-id=\"2cb6ef0\" data-element_type=\"widget\" data-e-type=\"widget\" data-widget_type=\"heading.default\">\n\t\t\t\t<div class=\"elementor-widget-container\">\n\t\t\t\t\t<h2 class=\"elementor-heading-title elementor-size-default\">MENTORES HUMANOS + IA<\/h2>\t\t\t\t<\/div>\n\t\t\t\t<\/div>\n\t\t\t\t<div class=\"elementor-element elementor-element-690abc0 elementor-widget elementor-widget-text-editor\" data-id=\"690abc0\" data-element_type=\"widget\" data-e-type=\"widget\" data-widget_type=\"text-editor.default\">\n\t\t\t\t<div class=\"elementor-widget-container\">\n\t\t\t\t\t\t\t\t\tProgramas personalizados para desarrollar l\u00edderes\ny mejorar el rendimiento de los equipos\t\t\t\t\t\t\t\t<\/div>\n\t\t\t\t<\/div>\n\t\t\t\t\t<\/div>\n\t\t<\/div>\n\t\t\t\t<div class=\"elementor-column elementor-col-33 elementor-top-column elementor-element elementor-element-7829aeb\" data-id=\"7829aeb\" data-element_type=\"column\" data-e-type=\"column\">\n\t\t\t<div class=\"elementor-widget-wrap\">\n\t\t\t\t\t\t\t<\/div>\n\t\t<\/div>\n\t\t\t\t\t<\/div>\n\t\t<\/section>\n\t\t<div class=\"elementor-element elementor-element-aaa175c e-flex e-con-boxed e-con e-parent\" data-id=\"aaa175c\" data-element_type=\"container\" data-e-type=\"container\">\n\t\t\t\t\t<div class=\"e-con-inner\">\n\t\t<div class=\"elementor-element elementor-element-9338efb e-con-full e-grid e-con e-child\" data-id=\"9338efb\" data-element_type=\"container\" data-e-type=\"container\">\n\t\t<div class=\"elementor-element elementor-element-aa1da5a e-con-full e-flex e-con e-child\" data-id=\"aa1da5a\" data-element_type=\"container\" data-e-type=\"container\" data-settings=\"{&quot;background_background&quot;:&quot;classic&quot;}\">\n\t\t\t\t<div class=\"elementor-element elementor-element-64aae37 elementor-widget elementor-widget-image\" data-id=\"64aae37\" data-element_type=\"widget\" data-e-type=\"widget\" data-widget_type=\"image.default\">\n\t\t\t\t<div class=\"elementor-widget-container\">\n\t\t\t\t\t\t\t\t\t\t\t\t\t\t\t<img fetchpriority=\"high\" decoding=\"async\" width=\"800\" height=\"534\" src=\"https:\/\/upskillplatform.com\/wp-content\/uploads\/2025\/12\/businesswoman-leader-modern-office-with-businesspeople-workin-1024x683.jpg\" class=\"attachment-large size-large wp-image-5803\" alt=\"\" srcset=\"https:\/\/upskillplatform.com\/wp-content\/uploads\/2025\/12\/businesswoman-leader-modern-office-with-businesspeople-workin-1024x683.jpg 1024w, https:\/\/upskillplatform.com\/wp-content\/uploads\/2025\/12\/businesswoman-leader-modern-office-with-businesspeople-workin-300x200.jpg 300w, https:\/\/upskillplatform.com\/wp-content\/uploads\/2025\/12\/businesswoman-leader-modern-office-with-businesspeople-workin-768x513.jpg 768w, https:\/\/upskillplatform.com\/wp-content\/uploads\/2025\/12\/businesswoman-leader-modern-office-with-businesspeople-workin-1536x1025.jpg 1536w, https:\/\/upskillplatform.com\/wp-content\/uploads\/2025\/12\/businesswoman-leader-modern-office-with-businesspeople-workin-2048x1367.jpg 2048w, https:\/\/upskillplatform.com\/wp-content\/uploads\/2025\/12\/businesswoman-leader-modern-office-with-businesspeople-workin-18x12.jpg 18w\" sizes=\"(max-width: 800px) 100vw, 800px\" \/>\t\t\t\t\t\t\t\t\t\t\t\t\t\t\t<\/div>\n\t\t\t\t<\/div>\n\t\t\t\t<div class=\"elementor-element elementor-element-9f39513 elementor-widget elementor-widget-heading\" data-id=\"9f39513\" data-element_type=\"widget\" data-e-type=\"widget\" data-widget_type=\"heading.default\">\n\t\t\t\t<div class=\"elementor-widget-container\">\n\t\t\t\t\t<h2 class=\"elementor-heading-title elementor-size-default\">Programa completo de tutor\u00eda en liderazgo<\/h2>\t\t\t\t<\/div>\n\t\t\t\t<\/div>\n\t\t\t\t<div class=\"elementor-element elementor-element-c4fbc4b elementor-widget elementor-widget-button\" data-id=\"c4fbc4b\" data-element_type=\"widget\" data-e-type=\"widget\" data-widget_type=\"button.default\">\n\t\t\t\t<div class=\"elementor-widget-container\">\n\t\t\t\t\t\t\t\t\t<div class=\"elementor-button-wrapper\">\n\t\t\t\t\t<a class=\"elementor-button elementor-button-link elementor-size-sm\" href=\"\/es\/programas-de-tutoria-de-liderazgo\/\" target=\"_blank\">\n\t\t\t\t\t\t<span class=\"elementor-button-content-wrapper\">\n\t\t\t\t\t\t<span class=\"elementor-button-icon\">\n\t\t\t\t<i aria-hidden=\"true\" class=\"fas fa-arrow-right\"><\/i>\t\t\t<\/span>\n\t\t\t\t\t\t\t\t\t<span class=\"elementor-button-text\">Conozca<\/span>\n\t\t\t\t\t<\/span>\n\t\t\t\t\t<\/a>\n\t\t\t\t<\/div>\n\t\t\t\t\t\t\t\t<\/div>\n\t\t\t\t<\/div>\n\t\t\t\t<\/div>\n\t\t<div class=\"elementor-element elementor-element-d89b9fe e-con-full e-flex e-con e-child\" data-id=\"d89b9fe\" data-element_type=\"container\" data-e-type=\"container\" data-settings=\"{&quot;background_background&quot;:&quot;classic&quot;}\">\n\t\t\t\t<div class=\"elementor-element elementor-element-37a7b93 elementor-widget elementor-widget-image\" data-id=\"37a7b93\" data-element_type=\"widget\" data-e-type=\"widget\" data-widget_type=\"image.default\">\n\t\t\t\t<div class=\"elementor-widget-container\">\n\t\t\t\t\t\t\t\t\t\t\t\t\t\t\t<img decoding=\"async\" width=\"800\" height=\"534\" src=\"https:\/\/upskillplatform.com\/wp-content\/uploads\/2025\/12\/happy-business-team-cooperating-while-analyzing-their-business-progress-whiteboard-office-1024x683.jpg\" class=\"attachment-large size-large wp-image-5804\" alt=\"\" srcset=\"https:\/\/upskillplatform.com\/wp-content\/uploads\/2025\/12\/happy-business-team-cooperating-while-analyzing-their-business-progress-whiteboard-office-1024x683.jpg 1024w, https:\/\/upskillplatform.com\/wp-content\/uploads\/2025\/12\/happy-business-team-cooperating-while-analyzing-their-business-progress-whiteboard-office-300x200.jpg 300w, https:\/\/upskillplatform.com\/wp-content\/uploads\/2025\/12\/happy-business-team-cooperating-while-analyzing-their-business-progress-whiteboard-office-768x512.jpg 768w, https:\/\/upskillplatform.com\/wp-content\/uploads\/2025\/12\/happy-business-team-cooperating-while-analyzing-their-business-progress-whiteboard-office-1536x1024.jpg 1536w, https:\/\/upskillplatform.com\/wp-content\/uploads\/2025\/12\/happy-business-team-cooperating-while-analyzing-their-business-progress-whiteboard-office-2048x1365.jpg 2048w, https:\/\/upskillplatform.com\/wp-content\/uploads\/2025\/12\/happy-business-team-cooperating-while-analyzing-their-business-progress-whiteboard-office-18x12.jpg 18w\" sizes=\"(max-width: 800px) 100vw, 800px\" \/>\t\t\t\t\t\t\t\t\t\t\t\t\t\t\t<\/div>\n\t\t\t\t<\/div>\n\t\t\t\t<div class=\"elementor-element elementor-element-d4ac027 elementor-widget elementor-widget-heading\" data-id=\"d4ac027\" data-element_type=\"widget\" data-e-type=\"widget\" data-widget_type=\"heading.default\">\n\t\t\t\t<div class=\"elementor-widget-container\">\n\t\t\t\t\t<h2 class=\"elementor-heading-title elementor-size-default\">Conferencias y talleres<\/h2>\t\t\t\t<\/div>\n\t\t\t\t<\/div>\n\t\t\t\t<div class=\"elementor-element elementor-element-60335f0 elementor-widget elementor-widget-button\" data-id=\"60335f0\" data-element_type=\"widget\" data-e-type=\"widget\" data-widget_type=\"button.default\">\n\t\t\t\t<div class=\"elementor-widget-container\">\n\t\t\t\t\t\t\t\t\t<div class=\"elementor-button-wrapper\">\n\t\t\t\t\t<a class=\"elementor-button elementor-button-link elementor-size-sm\" href=\"\/es\/talleres-y-formacion-de-mentores\/\" target=\"_blank\">\n\t\t\t\t\t\t<span class=\"elementor-button-content-wrapper\">\n\t\t\t\t\t\t<span class=\"elementor-button-icon\">\n\t\t\t\t<i aria-hidden=\"true\" class=\"fas fa-arrow-right\"><\/i>\t\t\t<\/span>\n\t\t\t\t\t\t\t\t\t<span class=\"elementor-button-text\">Conozca<\/span>\n\t\t\t\t\t<\/span>\n\t\t\t\t\t<\/a>\n\t\t\t\t<\/div>\n\t\t\t\t\t\t\t\t<\/div>\n\t\t\t\t<\/div>\n\t\t\t\t<\/div>\n\t\t<div class=\"elementor-element elementor-element-eaa58e0 e-con-full e-flex e-con e-child\" data-id=\"eaa58e0\" data-element_type=\"container\" data-e-type=\"container\" data-settings=\"{&quot;background_background&quot;:&quot;classic&quot;}\">\n\t\t\t\t<div class=\"elementor-element elementor-element-e7cb900 elementor-widget elementor-widget-image\" data-id=\"e7cb900\" data-element_type=\"widget\" data-e-type=\"widget\" data-widget_type=\"image.default\">\n\t\t\t\t<div class=\"elementor-widget-container\">\n\t\t\t\t\t\t\t\t\t\t\t\t\t\t\t<img decoding=\"async\" width=\"800\" height=\"534\" src=\"https:\/\/upskillplatform.com\/wp-content\/uploads\/2025\/12\/people-taking-part-business-event-1024x683.jpg\" class=\"attachment-large size-large wp-image-5805\" alt=\"\" srcset=\"https:\/\/upskillplatform.com\/wp-content\/uploads\/2025\/12\/people-taking-part-business-event-1024x683.jpg 1024w, https:\/\/upskillplatform.com\/wp-content\/uploads\/2025\/12\/people-taking-part-business-event-300x200.jpg 300w, https:\/\/upskillplatform.com\/wp-content\/uploads\/2025\/12\/people-taking-part-business-event-768x512.jpg 768w, https:\/\/upskillplatform.com\/wp-content\/uploads\/2025\/12\/people-taking-part-business-event-1536x1024.jpg 1536w, https:\/\/upskillplatform.com\/wp-content\/uploads\/2025\/12\/people-taking-part-business-event-2048x1365.jpg 2048w, https:\/\/upskillplatform.com\/wp-content\/uploads\/2025\/12\/people-taking-part-business-event-18x12.jpg 18w\" sizes=\"(max-width: 800px) 100vw, 800px\" \/>\t\t\t\t\t\t\t\t\t\t\t\t\t\t\t<\/div>\n\t\t\t\t<\/div>\n\t\t\t\t<div class=\"elementor-element elementor-element-c7ef9d9 elementor-widget elementor-widget-heading\" data-id=\"c7ef9d9\" data-element_type=\"widget\" data-e-type=\"widget\" data-widget_type=\"heading.default\">\n\t\t\t\t<div class=\"elementor-widget-container\">\n\t\t\t\t\t<h2 class=\"elementor-heading-title elementor-size-default\">Tutor\u00eda<\/h2>\t\t\t\t<\/div>\n\t\t\t\t<\/div>\n\t\t\t\t<div class=\"elementor-element elementor-element-e7df7f8 elementor-widget elementor-widget-button\" data-id=\"e7df7f8\" data-element_type=\"widget\" data-e-type=\"widget\" data-widget_type=\"button.default\">\n\t\t\t\t<div class=\"elementor-widget-container\">\n\t\t\t\t\t\t\t\t\t<div class=\"elementor-button-wrapper\">\n\t\t\t\t\t<a class=\"elementor-button elementor-button-link elementor-size-sm\" href=\"\/es\/talleres-y-formacion-de-mentores\/#formacao-de-mentores\" target=\"_blank\">\n\t\t\t\t\t\t<span class=\"elementor-button-content-wrapper\">\n\t\t\t\t\t\t<span class=\"elementor-button-icon\">\n\t\t\t\t<i aria-hidden=\"true\" class=\"fas fa-arrow-right\"><\/i>\t\t\t<\/span>\n\t\t\t\t\t\t\t\t\t<span class=\"elementor-button-text\">Conozca<\/span>\n\t\t\t\t\t<\/span>\n\t\t\t\t\t<\/a>\n\t\t\t\t<\/div>\n\t\t\t\t\t\t\t\t<\/div>\n\t\t\t\t<\/div>\n\t\t\t\t<\/div>\n\t\t\t\t<\/div>\n\t\t\t\t\t<\/div>\n\t\t\t\t<\/div>\n\t\t\t\t<\/div>","protected":false},"excerpt":{"rendered":"<p>Acelerar la madurez del liderazgo con HUMAN MENTORS + AI Programas personalizados para desarrollar l\u00edderes y potenciar el rendimiento de los equipos Programa completo de mentoring para el liderazgo Conocer Jornadas y talleres Conocer Formaci\u00f3n de mentores Conocer<\/p>","protected":false},"author":1,"featured_media":0,"parent":0,"menu_order":0,"comment_status":"closed","ping_status":"closed","template":"","meta":{"footnotes":""},"class_list":["post-5791","page","type-page","status-publish","hentry"],"yoast_head":"<!-- This site is optimized with the Yoast SEO plugin v27.3 - https:\/\/yoast.com\/product\/yoast-seo-wordpress\/ -->\n<title>Solu\u00e7\u00f5es - Upskill Platform<\/title>\n<meta name=\"robots\" content=\"index, follow, max-snippet:-1, max-image-preview:large, max-video-preview:-1\" \/>\n<link rel=\"canonical\" href=\"https:\/\/upskillplatform.com\/es\/soluciones\/\" \/>\n<meta property=\"og:locale\" content=\"es_ES\" \/>\n<meta property=\"og:type\" content=\"article\" \/>\n<meta property=\"og:title\" content=\"Solu\u00e7\u00f5es - Upskill Platform\" \/>\n<meta property=\"og:description\" content=\"Acelere a maturidade da lideran\u00e7a com MENTORES HUMANOS + IA Programas customizados para desenvolver l\u00edderes e impulsionar a performance dos times Programa completo de Mentoria de lideran\u00e7a Conhecer Jornadas e Workshops Conhecer Forma\u00e7\u00e3o de mentores Conhecer\" \/>\n<meta property=\"og:url\" content=\"https:\/\/upskillplatform.com\/es\/soluciones\/\" \/>\n<meta property=\"og:site_name\" content=\"Upskill Platform\" \/>\n<meta property=\"article:modified_time\" content=\"2026-01-29T19:33:17+00:00\" \/>\n<meta property=\"og:image\" content=\"https:\/\/upskillplatform.com\/wp-content\/uploads\/2025\/12\/businesswoman-leader-modern-office-with-businesspeople-workin-scaled.jpg\" \/>\n\t<meta property=\"og:image:width\" content=\"2560\" \/>\n\t<meta property=\"og:image:height\" content=\"1708\" \/>\n\t<meta property=\"og:image:type\" content=\"image\/jpeg\" \/>\n<meta name=\"twitter:card\" content=\"summary_large_image\" \/>\n<meta name=\"twitter:label1\" content=\"Tiempo de lectura\" \/>\n\t<meta name=\"twitter:data1\" content=\"1 minuto\" \/>\n<script type=\"application\/ld+json\" class=\"yoast-schema-graph\">{\"@context\":\"https:\\\/\\\/schema.org\",\"@graph\":[{\"@type\":\"WebPage\",\"@id\":\"https:\\\/\\\/upskillplatform.com\\\/solucoes\\\/\",\"url\":\"https:\\\/\\\/upskillplatform.com\\\/solucoes\\\/\",\"name\":\"Solu\u00e7\u00f5es - Upskill Platform\",\"isPartOf\":{\"@id\":\"https:\\\/\\\/upskillplatform.com\\\/#website\"},\"primaryImageOfPage\":{\"@id\":\"https:\\\/\\\/upskillplatform.com\\\/solucoes\\\/#primaryimage\"},\"image\":{\"@id\":\"https:\\\/\\\/upskillplatform.com\\\/solucoes\\\/#primaryimage\"},\"thumbnailUrl\":\"https:\\\/\\\/upskillplatform.com\\\/wp-content\\\/uploads\\\/2025\\\/12\\\/businesswoman-leader-modern-office-with-businesspeople-workin-1024x683.jpg\",\"datePublished\":\"2025-12-04T18:00:10+00:00\",\"dateModified\":\"2026-01-29T19:33:17+00:00\",\"breadcrumb\":{\"@id\":\"https:\\\/\\\/upskillplatform.com\\\/solucoes\\\/#breadcrumb\"},\"inLanguage\":\"es\",\"potentialAction\":[{\"@type\":\"ReadAction\",\"target\":[\"https:\\\/\\\/upskillplatform.com\\\/solucoes\\\/\"]}]},{\"@type\":\"ImageObject\",\"inLanguage\":\"es\",\"@id\":\"https:\\\/\\\/upskillplatform.com\\\/solucoes\\\/#primaryimage\",\"url\":\"https:\\\/\\\/upskillplatform.com\\\/wp-content\\\/uploads\\\/2025\\\/12\\\/businesswoman-leader-modern-office-with-businesspeople-workin-1024x683.jpg\",\"contentUrl\":\"https:\\\/\\\/upskillplatform.com\\\/wp-content\\\/uploads\\\/2025\\\/12\\\/businesswoman-leader-modern-office-with-businesspeople-workin-1024x683.jpg\"},{\"@type\":\"BreadcrumbList\",\"@id\":\"https:\\\/\\\/upskillplatform.com\\\/solucoes\\\/#breadcrumb\",\"itemListElement\":[{\"@type\":\"ListItem\",\"position\":1,\"name\":\"In\u00edcio\",\"item\":\"https:\\\/\\\/upskillplatform.com\\\/\"},{\"@type\":\"ListItem\",\"position\":2,\"name\":\"Solu\u00e7\u00f5es\"}]},{\"@type\":\"WebSite\",\"@id\":\"https:\\\/\\\/upskillplatform.com\\\/#website\",\"url\":\"https:\\\/\\\/upskillplatform.com\\\/\",\"name\":\"Upskill Platform\",\"description\":\"Mentoria de Lideran\u00e7a as a Service\",\"publisher\":{\"@id\":\"https:\\\/\\\/upskillplatform.com\\\/#organization\"},\"potentialAction\":[{\"@type\":\"SearchAction\",\"target\":{\"@type\":\"EntryPoint\",\"urlTemplate\":\"https:\\\/\\\/upskillplatform.com\\\/?s={search_term_string}\"},\"query-input\":{\"@type\":\"PropertyValueSpecification\",\"valueRequired\":true,\"valueName\":\"search_term_string\"}}],\"inLanguage\":\"es\"},{\"@type\":\"Organization\",\"@id\":\"https:\\\/\\\/upskillplatform.com\\\/#organization\",\"name\":\"Upskill Platform\",\"url\":\"https:\\\/\\\/upskillplatform.com\\\/\",\"logo\":{\"@type\":\"ImageObject\",\"inLanguage\":\"es\",\"@id\":\"https:\\\/\\\/upskillplatform.com\\\/#\\\/schema\\\/logo\\\/image\\\/\",\"url\":\"https:\\\/\\\/upskillplatform.com\\\/wp-content\\\/uploads\\\/2022\\\/07\\\/upskill-black.webp\",\"contentUrl\":\"https:\\\/\\\/upskillplatform.com\\\/wp-content\\\/uploads\\\/2022\\\/07\\\/upskill-black.webp\",\"width\":1536,\"height\":745,\"caption\":\"Upskill Platform\"},\"image\":{\"@id\":\"https:\\\/\\\/upskillplatform.com\\\/#\\\/schema\\\/logo\\\/image\\\/\"},\"sameAs\":[\"https:\\\/\\\/www.linkedin.com\\\/company\\\/upskillplatform\"]}]}<\/script>\n<!-- \/ Yoast SEO plugin. -->","yoast_head_json":{"title":"Soluciones - Plataforma Upskill","robots":{"index":"index","follow":"follow","max-snippet":"max-snippet:-1","max-image-preview":"max-image-preview:large","max-video-preview":"max-video-preview:-1"},"canonical":"https:\/\/upskillplatform.com\/es\/soluciones\/","og_locale":"es_ES","og_type":"article","og_title":"Solu\u00e7\u00f5es - Upskill Platform","og_description":"Acelere a maturidade da lideran\u00e7a com MENTORES HUMANOS + IA Programas customizados para desenvolver l\u00edderes e impulsionar a performance dos times Programa completo de Mentoria de lideran\u00e7a Conhecer Jornadas e Workshops Conhecer Forma\u00e7\u00e3o de mentores Conhecer","og_url":"https:\/\/upskillplatform.com\/es\/soluciones\/","og_site_name":"Upskill Platform","article_modified_time":"2026-01-29T19:33:17+00:00","og_image":[{"width":2560,"height":1708,"url":"https:\/\/upskillplatform.com\/wp-content\/uploads\/2025\/12\/businesswoman-leader-modern-office-with-businesspeople-workin-scaled.jpg","type":"image\/jpeg"}],"twitter_card":"summary_large_image","twitter_misc":{"Tiempo de lectura":"1 minuto"},"schema":{"@context":"https:\/\/schema.org","@graph":[{"@type":"WebPage","@id":"https:\/\/upskillplatform.com\/solucoes\/","url":"https:\/\/upskillplatform.com\/solucoes\/","name":"Soluciones - Plataforma Upskill","isPartOf":{"@id":"https:\/\/upskillplatform.com\/#website"},"primaryImageOfPage":{"@id":"https:\/\/upskillplatform.com\/solucoes\/#primaryimage"},"image":{"@id":"https:\/\/upskillplatform.com\/solucoes\/#primaryimage"},"thumbnailUrl":"https:\/\/upskillplatform.com\/wp-content\/uploads\/2025\/12\/businesswoman-leader-modern-office-with-businesspeople-workin-1024x683.jpg","datePublished":"2025-12-04T18:00:10+00:00","dateModified":"2026-01-29T19:33:17+00:00","breadcrumb":{"@id":"https:\/\/upskillplatform.com\/solucoes\/#breadcrumb"},"inLanguage":"es","potentialAction":[{"@type":"ReadAction","target":["https:\/\/upskillplatform.com\/solucoes\/"]}]},{"@type":"ImageObject","inLanguage":"es","@id":"https:\/\/upskillplatform.com\/solucoes\/#primaryimage","url":"https:\/\/upskillplatform.com\/wp-content\/uploads\/2025\/12\/businesswoman-leader-modern-office-with-businesspeople-workin-1024x683.jpg","contentUrl":"https:\/\/upskillplatform.com\/wp-content\/uploads\/2025\/12\/businesswoman-leader-modern-office-with-businesspeople-workin-1024x683.jpg"},{"@type":"BreadcrumbList","@id":"https:\/\/upskillplatform.com\/solucoes\/#breadcrumb","itemListElement":[{"@type":"ListItem","position":1,"name":"In\u00edcio","item":"https:\/\/upskillplatform.com\/"},{"@type":"ListItem","position":2,"name":"Solu\u00e7\u00f5es"}]},{"@type":"WebSite","@id":"https:\/\/upskillplatform.com\/#website","url":"https:\/\/upskillplatform.com\/","name":"Plataforma Upskill","description":"La tutor\u00eda de liderazgo como servicio","publisher":{"@id":"https:\/\/upskillplatform.com\/#organization"},"potentialAction":[{"@type":"SearchAction","target":{"@type":"EntryPoint","urlTemplate":"https:\/\/upskillplatform.com\/?s={search_term_string}"},"query-input":{"@type":"PropertyValueSpecification","valueRequired":true,"valueName":"search_term_string"}}],"inLanguage":"es"},{"@type":"Organization","@id":"https:\/\/upskillplatform.com\/#organization","name":"Plataforma Upskill","url":"https:\/\/upskillplatform.com\/","logo":{"@type":"ImageObject","inLanguage":"es","@id":"https:\/\/upskillplatform.com\/#\/schema\/logo\/image\/","url":"https:\/\/upskillplatform.com\/wp-content\/uploads\/2022\/07\/upskill-black.webp","contentUrl":"https:\/\/upskillplatform.com\/wp-content\/uploads\/2022\/07\/upskill-black.webp","width":1536,"height":745,"caption":"Upskill Platform"},"image":{"@id":"https:\/\/upskillplatform.com\/#\/schema\/logo\/image\/"},"sameAs":["https:\/\/www.linkedin.com\/company\/upskillplatform"]}]}},"_links":{"self":[{"href":"https:\/\/upskillplatform.com\/es\/wp-json\/wp\/v2\/pages\/5791","targetHints":{"allow":["GET"]}}],"collection":[{"href":"https:\/\/upskillplatform.com\/es\/wp-json\/wp\/v2\/pages"}],"about":[{"href":"https:\/\/upskillplatform.com\/es\/wp-json\/wp\/v2\/types\/page"}],"author":[{"embeddable":true,"href":"https:\/\/upskillplatform.com\/es\/wp-json\/wp\/v2\/users\/1"}],"replies":[{"embeddable":true,"href":"https:\/\/upskillplatform.com\/es\/wp-json\/wp\/v2\/comments?post=5791"}],"version-history":[{"count":32,"href":"https:\/\/upskillplatform.com\/es\/wp-json\/wp\/v2\/pages\/5791\/revisions"}],"predecessor-version":[{"id":6044,"href":"https:\/\/upskillplatform.com\/es\/wp-json\/wp\/v2\/pages\/5791\/revisions\/6044"}],"wp:attachment":[{"href":"https:\/\/upskillplatform.com\/es\/wp-json\/wp\/v2\/media?parent=5791"}],"curies":[{"name":"wp","href":"https:\/\/api.w.org\/{rel}","templated":true}]}}