{"id":2634,"date":"2024-01-02T15:40:15","date_gmt":"2024-01-02T15:40:15","guid":{"rendered":"https:\/\/upskillplatform.com\/?page_id=2634"},"modified":"2026-04-15T18:43:38","modified_gmt":"2026-04-15T21:43:38","slug":"podcast","status":"publish","type":"page","link":"https:\/\/upskillplatform.com\/es\/podcast\/","title":{"rendered":"Podcast &#8211; A Mente do L\u00edder do futuro"},"content":{"rendered":"<div data-elementor-type=\"wp-page\" data-elementor-id=\"2634\" class=\"elementor elementor-2634\" data-elementor-post-type=\"page\">\n\t\t\t\t<div class=\"elementor-element elementor-element-8efed1e e-flex e-con-boxed e-con e-parent\" data-id=\"8efed1e\" data-element_type=\"container\" data-e-type=\"container\" data-settings=\"{&quot;background_background&quot;:&quot;gradient&quot;}\">\n\t\t\t\t\t<div class=\"e-con-inner\">\n\t\t<div class=\"elementor-element elementor-element-802d456 e-con-full e-flex e-con e-child\" data-id=\"802d456\" data-element_type=\"container\" data-e-type=\"container\">\n\t\t\t\t<div class=\"elementor-element elementor-element-708a1d2 elementor-widget elementor-widget-image\" data-id=\"708a1d2\" data-element_type=\"widget\" data-e-type=\"widget\" data-widget_type=\"image.default\">\n\t\t\t\t<div class=\"elementor-widget-container\">\n\t\t\t\t\t\t\t\t\t\t\t\t\t\t\t<img fetchpriority=\"high\" decoding=\"async\" width=\"1080\" height=\"1080\" src=\"https:\/\/upskillplatform.com\/wp-content\/uploads\/2024\/01\/gus-will.png\" class=\"attachment-full size-full wp-image-2642\" alt=\"\" srcset=\"https:\/\/upskillplatform.com\/wp-content\/uploads\/2024\/01\/gus-will.png 1080w, https:\/\/upskillplatform.com\/wp-content\/uploads\/2024\/01\/gus-will-300x300.png 300w, https:\/\/upskillplatform.com\/wp-content\/uploads\/2024\/01\/gus-will-1024x1024.png 1024w, https:\/\/upskillplatform.com\/wp-content\/uploads\/2024\/01\/gus-will-150x150.png 150w, https:\/\/upskillplatform.com\/wp-content\/uploads\/2024\/01\/gus-will-768x768.png 768w\" sizes=\"(max-width: 1080px) 100vw, 1080px\" \/>\t\t\t\t\t\t\t\t\t\t\t\t\t\t\t<\/div>\n\t\t\t\t<\/div>\n\t\t\t\t<\/div>\n\t\t<div class=\"elementor-element elementor-element-973c8f3 e-con-full e-flex e-con e-child\" data-id=\"973c8f3\" data-element_type=\"container\" data-e-type=\"container\">\n\t\t\t\t<div class=\"elementor-element elementor-element-lbl01aa elementor-widget elementor-widget-heading\" data-id=\"lbl01aa\" data-element_type=\"widget\" data-e-type=\"widget\" data-widget_type=\"heading.default\">\n\t\t\t\t<div class=\"elementor-widget-container\">\n\t\t\t\t\t<h6 class=\"elementor-heading-title elementor-size-default\">PODCAST<\/h6>\t\t\t\t<\/div>\n\t\t\t\t<\/div>\n\t\t\t\t<div class=\"elementor-element elementor-element-dvr02aa elementor-widget-divider--view-line elementor-widget elementor-widget-divider\" data-id=\"dvr02aa\" data-element_type=\"widget\" data-e-type=\"widget\" data-widget_type=\"divider.default\">\n\t\t\t\t<div class=\"elementor-widget-container\">\n\t\t\t\t\t\t\t<div class=\"elementor-divider\">\n\t\t\t<span class=\"elementor-divider-separator\">\n\t\t\t\t\t\t<\/span>\n\t\t<\/div>\n\t\t\t\t\t\t<\/div>\n\t\t\t\t<\/div>\n\t\t\t\t<div class=\"elementor-element elementor-element-hdr03aa elementor-widget elementor-widget-heading\" data-id=\"hdr03aa\" data-element_type=\"widget\" data-e-type=\"widget\" data-widget_type=\"heading.default\">\n\t\t\t\t<div class=\"elementor-widget-container\">\n\t\t\t\t\t<h1 class=\"elementor-heading-title elementor-size-default\">A Mente do L\u00edder do Futuro<\/h1>\t\t\t\t<\/div>\n\t\t\t\t<\/div>\n\t\t\t\t<\/div>\n\t\t\t\t\t<\/div>\n\t\t\t\t<\/div>\n\t\t<div class=\"elementor-element elementor-element-btnsec1 e-flex e-con-boxed e-con e-parent\" data-id=\"btnsec1\" data-element_type=\"container\" data-e-type=\"container\">\n\t\t\t\t\t<div class=\"e-con-inner\">\n\t\t<div class=\"elementor-element elementor-element-btns09c e-con-full e-flex e-con e-child\" data-id=\"btns09c\" data-element_type=\"container\" data-e-type=\"container\">\n\t\t\t\t<div class=\"elementor-element elementor-element-bnt10aa elementor-widget elementor-widget-button\" data-id=\"bnt10aa\" data-element_type=\"widget\" data-e-type=\"widget\" data-widget_type=\"button.default\">\n\t\t\t\t<div class=\"elementor-widget-container\">\n\t\t\t\t\t\t\t\t\t<div class=\"elementor-button-wrapper\">\n\t\t\t\t\t<a class=\"elementor-button elementor-button-link elementor-size-sm\" href=\"https:\/\/open.spotify.com\/show\/25ZmaBozxZU1OdcQpZ7X7s\" target=\"_blank\">\n\t\t\t\t\t\t<span class=\"elementor-button-content-wrapper\">\n\t\t\t\t\t\t<span class=\"elementor-button-icon\">\n\t\t\t\t<i aria-hidden=\"true\" class=\"fab fa-spotify\"><\/i>\t\t\t<\/span>\n\t\t\t\t\t\t\t\t\t<span class=\"elementor-button-text\">Ouvir no Spotify<\/span>\n\t\t\t\t\t<\/span>\n\t\t\t\t\t<\/a>\n\t\t\t\t<\/div>\n\t\t\t\t\t\t\t\t<\/div>\n\t\t\t\t<\/div>\n\t\t\t\t<div class=\"elementor-element elementor-element-bnt11aa elementor-widget elementor-widget-button\" data-id=\"bnt11aa\" data-element_type=\"widget\" data-e-type=\"widget\" data-widget_type=\"button.default\">\n\t\t\t\t<div class=\"elementor-widget-container\">\n\t\t\t\t\t\t\t\t\t<div class=\"elementor-button-wrapper\">\n\t\t\t\t\t<a class=\"elementor-button elementor-button-link elementor-size-sm\" href=\"https:\/\/podcasts.apple.com\/br\/podcast\/a-mente-empreendedora\/id1105639808\" target=\"_blank\">\n\t\t\t\t\t\t<span class=\"elementor-button-content-wrapper\">\n\t\t\t\t\t\t<span class=\"elementor-button-icon\">\n\t\t\t\t<i aria-hidden=\"true\" class=\"fab fa-apple\"><\/i>\t\t\t<\/span>\n\t\t\t\t\t\t\t\t\t<span class=\"elementor-button-text\">Apple Podcasts<\/span>\n\t\t\t\t\t<\/span>\n\t\t\t\t\t<\/a>\n\t\t\t\t<\/div>\n\t\t\t\t\t\t\t\t<\/div>\n\t\t\t\t<\/div>\n\t\t\t\t<div class=\"elementor-element elementor-element-bnt12aa elementor-widget elementor-widget-button\" data-id=\"bnt12aa\" data-element_type=\"widget\" data-e-type=\"widget\" data-widget_type=\"button.default\">\n\t\t\t\t<div class=\"elementor-widget-container\">\n\t\t\t\t\t\t\t\t\t<div class=\"elementor-button-wrapper\">\n\t\t\t\t\t<a class=\"elementor-button elementor-button-link elementor-size-sm\" href=\"https:\/\/www.youtube.com\/@a-mente-do-lider-do-futuro\/podcasts\" target=\"_blank\">\n\t\t\t\t\t\t<span class=\"elementor-button-content-wrapper\">\n\t\t\t\t\t\t<span class=\"elementor-button-icon\">\n\t\t\t\t<i aria-hidden=\"true\" class=\"fab fa-youtube\"><\/i>\t\t\t<\/span>\n\t\t\t\t\t\t\t\t\t<span class=\"elementor-button-text\">YouTube<\/span>\n\t\t\t\t\t<\/span>\n\t\t\t\t\t<\/a>\n\t\t\t\t<\/div>\n\t\t\t\t\t\t\t\t<\/div>\n\t\t\t\t<\/div>\n\t\t\t\t<div class=\"elementor-element elementor-element-bnt13aa elementor-widget elementor-widget-button\" data-id=\"bnt13aa\" data-element_type=\"widget\" data-e-type=\"widget\" data-widget_type=\"button.default\">\n\t\t\t\t<div class=\"elementor-widget-container\">\n\t\t\t\t\t\t\t\t\t<div class=\"elementor-button-wrapper\">\n\t\t\t\t\t<a class=\"elementor-button elementor-button-link elementor-size-sm\" href=\"https:\/\/music.amazon.com.br\/podcasts\/94fa575f-3383-40cb-8e56-887a1af5d455\/a-mente-empreendedora\" target=\"_blank\">\n\t\t\t\t\t\t<span class=\"elementor-button-content-wrapper\">\n\t\t\t\t\t\t<span class=\"elementor-button-icon\">\n\t\t\t\t<i aria-hidden=\"true\" class=\"fab fa-amazon\"><\/i>\t\t\t<\/span>\n\t\t\t\t\t\t\t\t\t<span class=\"elementor-button-text\">Amazon Music<\/span>\n\t\t\t\t\t<\/span>\n\t\t\t\t\t<\/a>\n\t\t\t\t<\/div>\n\t\t\t\t\t\t\t\t<\/div>\n\t\t\t\t<\/div>\n\t\t\t\t<\/div>\n\t\t\t\t\t<\/div>\n\t\t\t\t<\/div>\n\t\t<div class=\"elementor-element elementor-element-podc01c e-flex e-con-boxed e-con e-parent\" data-id=\"podc01c\" data-element_type=\"container\" data-e-type=\"container\">\n\t\t\t\t\t<div class=\"e-con-inner\">\n\t\t\t\t<div class=\"elementor-element elementor-element-txt07aa elementor-widget elementor-widget-text-editor\" data-id=\"txt07aa\" data-element_type=\"widget\" data-e-type=\"widget\" data-widget_type=\"text-editor.default\">\n\t\t\t\t<div class=\"elementor-widget-container\">\n\t\t\t\t\t\t\t\t\t<p style=\"max-width: 720px; font-size: 18px; line-height: 1.65; color: #5a5a5a; margin: 0 auto; text-align: center;\">Ci\u00eancia comportamental aplicada \u00e0 lideran\u00e7a. Entrevistas semanais com executivos, pesquisadores e l\u00edderes de RH das maiores empresas do Brasil.<\/p>\t\t\t\t\t\t\t\t<\/div>\n\t\t\t\t<\/div>\n\t\t\t\t<div class=\"elementor-element elementor-element-spt08aa elementor-widget elementor-widget-html\" data-id=\"spt08aa\" data-element_type=\"widget\" data-e-type=\"widget\" data-widget_type=\"html.default\">\n\t\t\t\t<div class=\"elementor-widget-container\">\n\t\t\t\t\t<iframe style=\"border-radius:14px;border:0;display:block;box-shadow:0 12px 40px rgba(0,0,0,0.08);\" src=\"https:\/\/open.spotify.com\/embed\/show\/25ZmaBozxZU1OdcQpZ7X7s?utm_source=generator&theme=0\" width=\"100%\" height=\"232\" frameborder=\"0\" allowfullscreen=\"\" allow=\"autoplay; clipboard-write; encrypted-media; fullscreen; picture-in-picture\" loading=\"lazy\"><\/iframe>\t\t\t\t<\/div>\n\t\t\t\t<\/div>\n\t\t\t\t\t<\/div>\n\t\t\t\t<\/div>\n\t\t<div class=\"elementor-element elementor-element-guest01 e-flex e-con-boxed e-con e-parent\" data-id=\"guest01\" data-element_type=\"container\" data-e-type=\"container\" data-settings=\"{&quot;background_background&quot;:&quot;classic&quot;}\">\n\t\t\t\t\t<div class=\"e-con-inner\">\n\t\t\t\t<div class=\"elementor-element elementor-element-dvg01aa elementor-widget-divider--view-line elementor-widget elementor-widget-divider\" data-id=\"dvg01aa\" data-element_type=\"widget\" data-e-type=\"widget\" data-widget_type=\"divider.default\">\n\t\t\t\t<div class=\"elementor-widget-container\">\n\t\t\t\t\t\t\t<div class=\"elementor-divider\">\n\t\t\t<span class=\"elementor-divider-separator\">\n\t\t\t\t\t\t<\/span>\n\t\t<\/div>\n\t\t\t\t\t\t<\/div>\n\t\t\t\t<\/div>\n\t\t\t\t<div class=\"elementor-element elementor-element-hdrg01a elementor-widget elementor-widget-heading\" data-id=\"hdrg01a\" data-element_type=\"widget\" data-e-type=\"widget\" data-widget_type=\"heading.default\">\n\t\t\t\t<div class=\"elementor-widget-container\">\n\t\t\t\t\t<h2 class=\"elementor-heading-title elementor-size-default\">Seja nosso pr\u00f3ximo convidado<\/h2>\t\t\t\t<\/div>\n\t\t\t\t<\/div>\n\t\t\t\t<div class=\"elementor-element elementor-element-txtg01a elementor-widget elementor-widget-text-editor\" data-id=\"txtg01a\" data-element_type=\"widget\" data-e-type=\"widget\" data-widget_type=\"text-editor.default\">\n\t\t\t\t<div class=\"elementor-widget-container\">\n\t\t\t\t\t\t\t\t\t<p style=\"max-width:620px;font-size:17px;line-height:1.65;color:#5a5a5a;margin:0 auto 36px auto;text-align:center;\">\u00c9 l\u00edder de RH, executivo ou pesquisador com uma hist\u00f3ria para contar sobre o futuro da lideran\u00e7a? Candidate-se preenchendo o formul\u00e1rio abaixo ou escreva diretamente para n\u00f3s.<\/p>\t\t\t\t\t\t\t\t<\/div>\n\t\t\t\t<\/div>\n\t\t<div class=\"elementor-element elementor-element-gbns01c e-con-full e-flex e-con e-child\" data-id=\"gbns01c\" data-element_type=\"container\" data-e-type=\"container\">\n\t\t\t\t<div class=\"elementor-element elementor-element-gbn01aa elementor-widget elementor-widget-button\" data-id=\"gbn01aa\" data-element_type=\"widget\" data-e-type=\"widget\" data-widget_type=\"button.default\">\n\t\t\t\t<div class=\"elementor-widget-container\">\n\t\t\t\t\t\t\t\t\t<div class=\"elementor-button-wrapper\">\n\t\t\t\t\t<a class=\"elementor-button elementor-button-link elementor-size-sm\" href=\"https:\/\/docs.google.com\/forms\/d\/e\/1FAIpQLSdABbEfAvlZdQD3W3wOkFx0TBni-LIkJWTC4ASyaoCGh70UJA\/viewform\" target=\"_blank\">\n\t\t\t\t\t\t<span class=\"elementor-button-content-wrapper\">\n\t\t\t\t\t\t<span class=\"elementor-button-icon\">\n\t\t\t\t<i aria-hidden=\"true\" class=\"far fa-edit\"><\/i>\t\t\t<\/span>\n\t\t\t\t\t\t\t\t\t<span class=\"elementor-button-text\">Preencher formul\u00e1rio<\/span>\n\t\t\t\t\t<\/span>\n\t\t\t\t\t<\/a>\n\t\t\t\t<\/div>\n\t\t\t\t\t\t\t\t<\/div>\n\t\t\t\t<\/div>\n\t\t\t\t<div class=\"elementor-element elementor-element-gbn02aa elementor-widget elementor-widget-button\" data-id=\"gbn02aa\" data-element_type=\"widget\" data-e-type=\"widget\" data-widget_type=\"button.default\">\n\t\t\t\t<div class=\"elementor-widget-container\">\n\t\t\t\t\t\t\t\t\t<div class=\"elementor-button-wrapper\">\n\t\t\t\t\t<a class=\"elementor-button elementor-button-link elementor-size-sm\" href=\"mailto:podcast@upskillplatform.com\">\n\t\t\t\t\t\t<span class=\"elementor-button-content-wrapper\">\n\t\t\t\t\t\t<span class=\"elementor-button-icon\">\n\t\t\t\t<i aria-hidden=\"true\" class=\"far fa-envelope\"><\/i>\t\t\t<\/span>\n\t\t\t\t\t\t\t\t\t<span class=\"elementor-button-text\">podcast@upskillplatform.com<\/span>\n\t\t\t\t\t<\/span>\n\t\t\t\t\t<\/a>\n\t\t\t\t<\/div>\n\t\t\t\t\t\t\t\t<\/div>\n\t\t\t\t<\/div>\n\t\t\t\t<\/div>\n\t\t\t\t\t<\/div>\n\t\t\t\t<\/div>\n\t\t\t\t<\/div>","protected":false},"excerpt":{"rendered":"<p>PODCAST A Mente do L\u00edder do Futuro Ouvir no Spotify Apple Podcasts YouTube Amazon Music Ci\u00eancia comportamental aplicada \u00e0 lideran\u00e7a. Entrevistas semanais com executivos, pesquisadores e l\u00edderes de RH das maiores empresas do Brasil. Seja nosso pr\u00f3ximo convidado \u00c9 l\u00edder de RH, executivo ou pesquisador com uma hist\u00f3ria para contar sobre o futuro da lideran\u00e7a? [&hellip;]<\/p>\n","protected":false},"author":1,"featured_media":0,"parent":0,"menu_order":0,"comment_status":"closed","ping_status":"closed","template":"","meta":{"footnotes":""},"class_list":["post-2634","page","type-page","status-publish","hentry"],"yoast_head":"<!-- This site is optimized with the Yoast SEO plugin v27.5 - https:\/\/yoast.com\/product\/yoast-seo-wordpress\/ -->\n<title>Podcast - A Mente do L\u00edder do futuro - Upskill Platform<\/title>\n<meta name=\"robots\" content=\"index, follow, max-snippet:-1, max-image-preview:large, max-video-preview:-1\" \/>\n<link rel=\"canonical\" href=\"https:\/\/upskillplatform.com\/es\/podcast\/\" \/>\n<meta property=\"og:locale\" content=\"es_ES\" \/>\n<meta property=\"og:type\" content=\"article\" \/>\n<meta property=\"og:title\" content=\"Podcast - A Mente do L\u00edder do futuro - Upskill Platform\" \/>\n<meta property=\"og:description\" content=\"PODCAST A Mente do L\u00edder do Futuro Ouvir no Spotify Apple Podcasts YouTube Amazon Music Ci\u00eancia comportamental aplicada \u00e0 lideran\u00e7a. Entrevistas semanais com executivos, pesquisadores e l\u00edderes de RH das maiores empresas do Brasil. Seja nosso pr\u00f3ximo convidado \u00c9 l\u00edder de RH, executivo ou pesquisador com uma hist\u00f3ria para contar sobre o futuro da lideran\u00e7a? [&hellip;]\" \/>\n<meta property=\"og:url\" content=\"https:\/\/upskillplatform.com\/es\/podcast\/\" \/>\n<meta property=\"og:site_name\" content=\"Upskill Platform\" \/>\n<meta property=\"article:modified_time\" content=\"2026-04-15T21:43:38+00:00\" \/>\n<meta property=\"og:image\" content=\"https:\/\/upskillplatform.com\/wp-content\/uploads\/2024\/01\/gus-will.png\" \/>\n\t<meta property=\"og:image:width\" content=\"1080\" \/>\n\t<meta property=\"og:image:height\" content=\"1080\" \/>\n\t<meta property=\"og:image:type\" content=\"image\/png\" \/>\n<meta name=\"twitter:card\" content=\"summary_large_image\" \/>\n<meta name=\"twitter:label1\" content=\"Tiempo de lectura\" \/>\n\t<meta name=\"twitter:data1\" content=\"1 minuto\" \/>\n<script type=\"application\/ld+json\" class=\"yoast-schema-graph\">{\"@context\":\"https:\\\/\\\/schema.org\",\"@graph\":[{\"@type\":\"WebPage\",\"@id\":\"https:\\\/\\\/upskillplatform.com\\\/podcast\\\/\",\"url\":\"https:\\\/\\\/upskillplatform.com\\\/podcast\\\/\",\"name\":\"Podcast - A Mente do L\u00edder do futuro - Upskill Platform\",\"isPartOf\":{\"@id\":\"https:\\\/\\\/upskillplatform.com\\\/#website\"},\"primaryImageOfPage\":{\"@id\":\"https:\\\/\\\/upskillplatform.com\\\/podcast\\\/#primaryimage\"},\"image\":{\"@id\":\"https:\\\/\\\/upskillplatform.com\\\/podcast\\\/#primaryimage\"},\"thumbnailUrl\":\"https:\\\/\\\/upskillplatform.com\\\/wp-content\\\/uploads\\\/2024\\\/01\\\/gus-will.png\",\"datePublished\":\"2024-01-02T15:40:15+00:00\",\"dateModified\":\"2026-04-15T21:43:38+00:00\",\"breadcrumb\":{\"@id\":\"https:\\\/\\\/upskillplatform.com\\\/podcast\\\/#breadcrumb\"},\"inLanguage\":\"es\",\"potentialAction\":[{\"@type\":\"ReadAction\",\"target\":[\"https:\\\/\\\/upskillplatform.com\\\/podcast\\\/\"]}]},{\"@type\":\"ImageObject\",\"inLanguage\":\"es\",\"@id\":\"https:\\\/\\\/upskillplatform.com\\\/podcast\\\/#primaryimage\",\"url\":\"https:\\\/\\\/upskillplatform.com\\\/wp-content\\\/uploads\\\/2024\\\/01\\\/gus-will.png\",\"contentUrl\":\"https:\\\/\\\/upskillplatform.com\\\/wp-content\\\/uploads\\\/2024\\\/01\\\/gus-will.png\"},{\"@type\":\"BreadcrumbList\",\"@id\":\"https:\\\/\\\/upskillplatform.com\\\/podcast\\\/#breadcrumb\",\"itemListElement\":[{\"@type\":\"ListItem\",\"position\":1,\"name\":\"In\u00edcio\",\"item\":\"https:\\\/\\\/upskillplatform.com\\\/\"},{\"@type\":\"ListItem\",\"position\":2,\"name\":\"Podcast &#8211; A Mente do L\u00edder do futuro\"}]},{\"@type\":\"WebSite\",\"@id\":\"https:\\\/\\\/upskillplatform.com\\\/#website\",\"url\":\"https:\\\/\\\/upskillplatform.com\\\/\",\"name\":\"Upskill Platform\",\"description\":\"Mentoria de Lideran\u00e7a as a Service\",\"publisher\":{\"@id\":\"https:\\\/\\\/upskillplatform.com\\\/#organization\"},\"potentialAction\":[{\"@type\":\"SearchAction\",\"target\":{\"@type\":\"EntryPoint\",\"urlTemplate\":\"https:\\\/\\\/upskillplatform.com\\\/?s={search_term_string}\"},\"query-input\":{\"@type\":\"PropertyValueSpecification\",\"valueRequired\":true,\"valueName\":\"search_term_string\"}}],\"inLanguage\":\"es\"},{\"@type\":\"Organization\",\"@id\":\"https:\\\/\\\/upskillplatform.com\\\/#organization\",\"name\":\"Upskill Platform\",\"url\":\"https:\\\/\\\/upskillplatform.com\\\/\",\"logo\":{\"@type\":\"ImageObject\",\"inLanguage\":\"es\",\"@id\":\"https:\\\/\\\/upskillplatform.com\\\/#\\\/schema\\\/logo\\\/image\\\/\",\"url\":\"https:\\\/\\\/upskillplatform.com\\\/wp-content\\\/uploads\\\/2022\\\/07\\\/upskill-black.webp\",\"contentUrl\":\"https:\\\/\\\/upskillplatform.com\\\/wp-content\\\/uploads\\\/2022\\\/07\\\/upskill-black.webp\",\"width\":1536,\"height\":745,\"caption\":\"Upskill Platform\"},\"image\":{\"@id\":\"https:\\\/\\\/upskillplatform.com\\\/#\\\/schema\\\/logo\\\/image\\\/\"},\"sameAs\":[\"https:\\\/\\\/www.linkedin.com\\\/company\\\/upskillplatform\"]}]}<\/script>\n<!-- \/ Yoast SEO plugin. -->","yoast_head_json":{"title":"Podcast - A Mente do L\u00edder do futuro - Upskill Platform","robots":{"index":"index","follow":"follow","max-snippet":"max-snippet:-1","max-image-preview":"max-image-preview:large","max-video-preview":"max-video-preview:-1"},"canonical":"https:\/\/upskillplatform.com\/es\/podcast\/","og_locale":"es_ES","og_type":"article","og_title":"Podcast - A Mente do L\u00edder do futuro - Upskill Platform","og_description":"PODCAST A Mente do L\u00edder do Futuro Ouvir no Spotify Apple Podcasts YouTube Amazon Music Ci\u00eancia comportamental aplicada \u00e0 lideran\u00e7a. Entrevistas semanais com executivos, pesquisadores e l\u00edderes de RH das maiores empresas do Brasil. Seja nosso pr\u00f3ximo convidado \u00c9 l\u00edder de RH, executivo ou pesquisador com uma hist\u00f3ria para contar sobre o futuro da lideran\u00e7a? [&hellip;]","og_url":"https:\/\/upskillplatform.com\/es\/podcast\/","og_site_name":"Upskill Platform","article_modified_time":"2026-04-15T21:43:38+00:00","og_image":[{"width":1080,"height":1080,"url":"https:\/\/upskillplatform.com\/wp-content\/uploads\/2024\/01\/gus-will.png","type":"image\/png"}],"twitter_card":"summary_large_image","twitter_misc":{"Tiempo de lectura":"1 minuto"},"schema":{"@context":"https:\/\/schema.org","@graph":[{"@type":"WebPage","@id":"https:\/\/upskillplatform.com\/podcast\/","url":"https:\/\/upskillplatform.com\/podcast\/","name":"Podcast - A Mente do L\u00edder do futuro - Upskill Platform","isPartOf":{"@id":"https:\/\/upskillplatform.com\/#website"},"primaryImageOfPage":{"@id":"https:\/\/upskillplatform.com\/podcast\/#primaryimage"},"image":{"@id":"https:\/\/upskillplatform.com\/podcast\/#primaryimage"},"thumbnailUrl":"https:\/\/upskillplatform.com\/wp-content\/uploads\/2024\/01\/gus-will.png","datePublished":"2024-01-02T15:40:15+00:00","dateModified":"2026-04-15T21:43:38+00:00","breadcrumb":{"@id":"https:\/\/upskillplatform.com\/podcast\/#breadcrumb"},"inLanguage":"es","potentialAction":[{"@type":"ReadAction","target":["https:\/\/upskillplatform.com\/podcast\/"]}]},{"@type":"ImageObject","inLanguage":"es","@id":"https:\/\/upskillplatform.com\/podcast\/#primaryimage","url":"https:\/\/upskillplatform.com\/wp-content\/uploads\/2024\/01\/gus-will.png","contentUrl":"https:\/\/upskillplatform.com\/wp-content\/uploads\/2024\/01\/gus-will.png"},{"@type":"BreadcrumbList","@id":"https:\/\/upskillplatform.com\/podcast\/#breadcrumb","itemListElement":[{"@type":"ListItem","position":1,"name":"In\u00edcio","item":"https:\/\/upskillplatform.com\/"},{"@type":"ListItem","position":2,"name":"Podcast &#8211; A Mente do L\u00edder do futuro"}]},{"@type":"WebSite","@id":"https:\/\/upskillplatform.com\/#website","url":"https:\/\/upskillplatform.com\/","name":"Plataforma Upskill","description":"La tutor\u00eda de liderazgo como servicio","publisher":{"@id":"https:\/\/upskillplatform.com\/#organization"},"potentialAction":[{"@type":"SearchAction","target":{"@type":"EntryPoint","urlTemplate":"https:\/\/upskillplatform.com\/?s={search_term_string}"},"query-input":{"@type":"PropertyValueSpecification","valueRequired":true,"valueName":"search_term_string"}}],"inLanguage":"es"},{"@type":"Organization","@id":"https:\/\/upskillplatform.com\/#organization","name":"Plataforma Upskill","url":"https:\/\/upskillplatform.com\/","logo":{"@type":"ImageObject","inLanguage":"es","@id":"https:\/\/upskillplatform.com\/#\/schema\/logo\/image\/","url":"https:\/\/upskillplatform.com\/wp-content\/uploads\/2022\/07\/upskill-black.webp","contentUrl":"https:\/\/upskillplatform.com\/wp-content\/uploads\/2022\/07\/upskill-black.webp","width":1536,"height":745,"caption":"Upskill Platform"},"image":{"@id":"https:\/\/upskillplatform.com\/#\/schema\/logo\/image\/"},"sameAs":["https:\/\/www.linkedin.com\/company\/upskillplatform"]}]}},"_links":{"self":[{"href":"https:\/\/upskillplatform.com\/es\/wp-json\/wp\/v2\/pages\/2634","targetHints":{"allow":["GET"]}}],"collection":[{"href":"https:\/\/upskillplatform.com\/es\/wp-json\/wp\/v2\/pages"}],"about":[{"href":"https:\/\/upskillplatform.com\/es\/wp-json\/wp\/v2\/types\/page"}],"author":[{"embeddable":true,"href":"https:\/\/upskillplatform.com\/es\/wp-json\/wp\/v2\/users\/1"}],"replies":[{"embeddable":true,"href":"https:\/\/upskillplatform.com\/es\/wp-json\/wp\/v2\/comments?post=2634"}],"version-history":[{"count":12,"href":"https:\/\/upskillplatform.com\/es\/wp-json\/wp\/v2\/pages\/2634\/revisions"}],"predecessor-version":[{"id":6454,"href":"https:\/\/upskillplatform.com\/es\/wp-json\/wp\/v2\/pages\/2634\/revisions\/6454"}],"wp:attachment":[{"href":"https:\/\/upskillplatform.com\/es\/wp-json\/wp\/v2\/media?parent=2634"}],"curies":[{"name":"wp","href":"https:\/\/api.w.org\/{rel}","templated":true}]}}