{"id":1696,"date":"2023-05-11T12:52:44","date_gmt":"2023-05-11T12:52:44","guid":{"rendered":"https:\/\/upskillplatform.com\/?page_id=1696"},"modified":"2026-02-03T08:32:12","modified_gmt":"2026-02-03T11:32:12","slug":"william-camara","status":"publish","type":"page","link":"https:\/\/upskillplatform.com\/es\/william-camara\/","title":{"rendered":"William Camara"},"content":{"rendered":"\t\t<div data-elementor-type=\"wp-page\" data-elementor-id=\"1696\" class=\"elementor elementor-1696\" data-elementor-post-type=\"page\">\n\t\t\t\t\t\t<section class=\"elementor-section elementor-top-section elementor-element elementor-element-13d71b5 elementor-section-boxed elementor-section-height-default elementor-section-height-default\" data-id=\"13d71b5\" data-element_type=\"section\" data-e-type=\"section\">\n\t\t\t\t\t\t<div class=\"elementor-container elementor-column-gap-default\">\n\t\t\t\t\t<div class=\"elementor-column elementor-col-50 elementor-top-column elementor-element elementor-element-bc74471\" data-id=\"bc74471\" data-element_type=\"column\" data-e-type=\"column\" data-settings=\"{&quot;background_background&quot;:&quot;classic&quot;}\">\n\t\t\t<div class=\"elementor-widget-wrap elementor-element-populated\">\n\t\t\t\t\t\t<div class=\"elementor-element elementor-element-908cce7 elementor-widget elementor-widget-spacer\" data-id=\"908cce7\" data-element_type=\"widget\" data-e-type=\"widget\" data-widget_type=\"spacer.default\">\n\t\t\t\t<div class=\"elementor-widget-container\">\n\t\t\t\t\t\t\t<div class=\"elementor-spacer\">\n\t\t\t<div class=\"elementor-spacer-inner\"><\/div>\n\t\t<\/div>\n\t\t\t\t\t\t<\/div>\n\t\t\t\t<\/div>\n\t\t\t\t\t<\/div>\n\t\t<\/div>\n\t\t\t\t<div class=\"elementor-column elementor-col-50 elementor-top-column elementor-element elementor-element-f249beb\" data-id=\"f249beb\" data-element_type=\"column\" data-e-type=\"column\">\n\t\t\t<div class=\"elementor-widget-wrap elementor-element-populated\">\n\t\t\t\t\t\t<div class=\"elementor-element elementor-element-9c8703a elementor-widget elementor-widget-button\" data-id=\"9c8703a\" data-element_type=\"widget\" data-e-type=\"widget\" data-widget_type=\"button.default\">\n\t\t\t\t<div class=\"elementor-widget-container\">\n\t\t\t\t\t\t\t\t\t<div class=\"elementor-button-wrapper\">\n\t\t\t\t\t<a class=\"elementor-button elementor-button-link elementor-size-sm\" href=\"#\">\n\t\t\t\t\t\t<span class=\"elementor-button-content-wrapper\">\n\t\t\t\t\t\t\t\t\t<span class=\"elementor-button-text\">COO<\/span>\n\t\t\t\t\t<\/span>\n\t\t\t\t\t<\/a>\n\t\t\t\t<\/div>\n\t\t\t\t\t\t\t\t<\/div>\n\t\t\t\t<\/div>\n\t\t\t\t<div class=\"elementor-element elementor-element-b48dd5b elementor-widget elementor-widget-heading\" data-id=\"b48dd5b\" data-element_type=\"widget\" data-e-type=\"widget\" data-widget_type=\"heading.default\">\n\t\t\t\t<div class=\"elementor-widget-container\">\n\t\t\t\t\t<h2 class=\"elementor-heading-title elementor-size-default\">William C\u00e2mara<\/h2>\t\t\t\t<\/div>\n\t\t\t\t<\/div>\n\t\t\t\t<div class=\"elementor-element elementor-element-3b0eb42 elementor-widget elementor-widget-text-editor\" data-id=\"3b0eb42\" data-element_type=\"widget\" data-e-type=\"widget\" data-widget_type=\"text-editor.default\">\n\t\t\t\t<div class=\"elementor-widget-container\">\n\t\t\t\t\t\t\t\t\t<p class=\"font-claude-response-body break-words whitespace-normal leading-[1.7]\"><strong>William C\u00e2mara<\/strong> \u00e9 s\u00f3cio-fundador e COO da Upskill Platform. Com mais de 25 anos de experi\u00eancia, j\u00e1 mentorou centenas de l\u00edderes e executivos em empresas como Adobe, IQVIA, Mercado Bitcoin, Stefanini Cyber, Ingredion, ConectCar, GreenCare e RealBeef.<\/p><p class=\"font-claude-response-body break-words whitespace-normal leading-[1.7]\">Lidera uma rede de mais de 200 mentores certificados na metodologia que deu origem \u00e0 s\u00e9rie de livros <strong>&#8220;A Mente do L\u00edder do Futuro&#8221;<\/strong>. Realizou dezenas de palestras e workshops pelo Brasil e internacionalmente.<\/p><p class=\"font-claude-response-body break-words whitespace-normal leading-[1.7]\">\u00c9 professor de preparo mental e emocional no curso de forma\u00e7\u00e3o do <strong>Conselho do Futuro<\/strong>.<\/p><p class=\"font-claude-response-body break-words whitespace-normal leading-[1.7]\">Engenheiro El\u00e9trico pela PUC-SP, com p\u00f3s-gradua\u00e7\u00e3o em Marketing (FAAP), MBA em Empreendedorismo e Gest\u00e3o, e estudos em Intelig\u00eancia Artificial no MIT.<\/p><p class=\"font-claude-response-body break-words whitespace-normal leading-[1.7]\">Transforma comportamento de lideran\u00e7a em vantagem competitiva para organiza\u00e7\u00f5es.<\/p>\t\t\t\t\t\t\t\t<\/div>\n\t\t\t\t<\/div>\n\t\t\t\t\t<\/div>\n\t\t<\/div>\n\t\t\t\t\t<\/div>\n\t\t<\/section>\n\t\t\t\t<\/div>\n\t\t","protected":false},"excerpt":{"rendered":"<p>COO William C\u00e2mara William C\u00e2mara \u00e9 s\u00f3cio-fundador e COO da Upskill Platform. Com mais de 25 anos de experi\u00eancia, j\u00e1 mentorou centenas de l\u00edderes e executivos em empresas como Adobe, IQVIA, Mercado Bitcoin, Stefanini Cyber, Ingredion, ConectCar, GreenCare e RealBeef. Lidera uma rede de mais de 200 mentores certificados na metodologia que deu origem \u00e0 [&hellip;]<\/p>\n","protected":false},"author":1,"featured_media":0,"parent":0,"menu_order":0,"comment_status":"closed","ping_status":"closed","template":"","meta":{"footnotes":""},"class_list":["post-1696","page","type-page","status-publish","hentry"],"yoast_head":"<!-- This site is optimized with the Yoast SEO plugin v27.3 - https:\/\/yoast.com\/product\/yoast-seo-wordpress\/ -->\n<title>William Camara - Upskill Platform<\/title>\n<meta name=\"robots\" content=\"index, follow, max-snippet:-1, max-image-preview:large, max-video-preview:-1\" \/>\n<link rel=\"canonical\" href=\"https:\/\/upskillplatform.com\/es\/william-camara\/\" \/>\n<meta property=\"og:locale\" content=\"es_ES\" \/>\n<meta property=\"og:type\" content=\"article\" \/>\n<meta property=\"og:title\" content=\"William Camara - Upskill Platform\" \/>\n<meta property=\"og:description\" content=\"COO William C\u00e2mara William C\u00e2mara \u00e9 s\u00f3cio-fundador e COO da Upskill Platform. Com mais de 25 anos de experi\u00eancia, j\u00e1 mentorou centenas de l\u00edderes e executivos em empresas como Adobe, IQVIA, Mercado Bitcoin, Stefanini Cyber, Ingredion, ConectCar, GreenCare e RealBeef. Lidera uma rede de mais de 200 mentores certificados na metodologia que deu origem \u00e0 [&hellip;]\" \/>\n<meta property=\"og:url\" content=\"https:\/\/upskillplatform.com\/es\/william-camara\/\" \/>\n<meta property=\"og:site_name\" content=\"Upskill Platform\" \/>\n<meta property=\"article:modified_time\" content=\"2026-02-03T11:32:12+00:00\" \/>\n<meta name=\"twitter:card\" content=\"summary_large_image\" \/>\n<meta name=\"twitter:label1\" content=\"Tiempo de lectura\" \/>\n\t<meta name=\"twitter:data1\" content=\"1 minuto\" \/>\n<script type=\"application\/ld+json\" class=\"yoast-schema-graph\">{\"@context\":\"https:\\\/\\\/schema.org\",\"@graph\":[{\"@type\":\"WebPage\",\"@id\":\"https:\\\/\\\/upskillplatform.com\\\/william-camara\\\/\",\"url\":\"https:\\\/\\\/upskillplatform.com\\\/william-camara\\\/\",\"name\":\"William Camara - Upskill Platform\",\"isPartOf\":{\"@id\":\"https:\\\/\\\/upskillplatform.com\\\/#website\"},\"datePublished\":\"2023-05-11T12:52:44+00:00\",\"dateModified\":\"2026-02-03T11:32:12+00:00\",\"breadcrumb\":{\"@id\":\"https:\\\/\\\/upskillplatform.com\\\/william-camara\\\/#breadcrumb\"},\"inLanguage\":\"es\",\"potentialAction\":[{\"@type\":\"ReadAction\",\"target\":[\"https:\\\/\\\/upskillplatform.com\\\/william-camara\\\/\"]}]},{\"@type\":\"BreadcrumbList\",\"@id\":\"https:\\\/\\\/upskillplatform.com\\\/william-camara\\\/#breadcrumb\",\"itemListElement\":[{\"@type\":\"ListItem\",\"position\":1,\"name\":\"In\u00edcio\",\"item\":\"https:\\\/\\\/upskillplatform.com\\\/\"},{\"@type\":\"ListItem\",\"position\":2,\"name\":\"William Camara\"}]},{\"@type\":\"WebSite\",\"@id\":\"https:\\\/\\\/upskillplatform.com\\\/#website\",\"url\":\"https:\\\/\\\/upskillplatform.com\\\/\",\"name\":\"Upskill Platform\",\"description\":\"Mentoria de Lideran\u00e7a as a Service\",\"publisher\":{\"@id\":\"https:\\\/\\\/upskillplatform.com\\\/#organization\"},\"potentialAction\":[{\"@type\":\"SearchAction\",\"target\":{\"@type\":\"EntryPoint\",\"urlTemplate\":\"https:\\\/\\\/upskillplatform.com\\\/?s={search_term_string}\"},\"query-input\":{\"@type\":\"PropertyValueSpecification\",\"valueRequired\":true,\"valueName\":\"search_term_string\"}}],\"inLanguage\":\"es\"},{\"@type\":\"Organization\",\"@id\":\"https:\\\/\\\/upskillplatform.com\\\/#organization\",\"name\":\"Upskill Platform\",\"url\":\"https:\\\/\\\/upskillplatform.com\\\/\",\"logo\":{\"@type\":\"ImageObject\",\"inLanguage\":\"es\",\"@id\":\"https:\\\/\\\/upskillplatform.com\\\/#\\\/schema\\\/logo\\\/image\\\/\",\"url\":\"https:\\\/\\\/upskillplatform.com\\\/wp-content\\\/uploads\\\/2022\\\/07\\\/upskill-black.webp\",\"contentUrl\":\"https:\\\/\\\/upskillplatform.com\\\/wp-content\\\/uploads\\\/2022\\\/07\\\/upskill-black.webp\",\"width\":1536,\"height\":745,\"caption\":\"Upskill Platform\"},\"image\":{\"@id\":\"https:\\\/\\\/upskillplatform.com\\\/#\\\/schema\\\/logo\\\/image\\\/\"},\"sameAs\":[\"https:\\\/\\\/www.linkedin.com\\\/company\\\/upskillplatform\"]}]}<\/script>\n<!-- \/ Yoast SEO plugin. -->","yoast_head_json":{"title":"William Camara - Plataforma Upskill","robots":{"index":"index","follow":"follow","max-snippet":"max-snippet:-1","max-image-preview":"max-image-preview:large","max-video-preview":"max-video-preview:-1"},"canonical":"https:\/\/upskillplatform.com\/es\/william-camara\/","og_locale":"es_ES","og_type":"article","og_title":"William Camara - Upskill Platform","og_description":"COO William C\u00e2mara William C\u00e2mara \u00e9 s\u00f3cio-fundador e COO da Upskill Platform. Com mais de 25 anos de experi\u00eancia, j\u00e1 mentorou centenas de l\u00edderes e executivos em empresas como Adobe, IQVIA, Mercado Bitcoin, Stefanini Cyber, Ingredion, ConectCar, GreenCare e RealBeef. Lidera uma rede de mais de 200 mentores certificados na metodologia que deu origem \u00e0 [&hellip;]","og_url":"https:\/\/upskillplatform.com\/es\/william-camara\/","og_site_name":"Upskill Platform","article_modified_time":"2026-02-03T11:32:12+00:00","twitter_card":"summary_large_image","twitter_misc":{"Tiempo de lectura":"1 minuto"},"schema":{"@context":"https:\/\/schema.org","@graph":[{"@type":"WebPage","@id":"https:\/\/upskillplatform.com\/william-camara\/","url":"https:\/\/upskillplatform.com\/william-camara\/","name":"William Camara - Plataforma Upskill","isPartOf":{"@id":"https:\/\/upskillplatform.com\/#website"},"datePublished":"2023-05-11T12:52:44+00:00","dateModified":"2026-02-03T11:32:12+00:00","breadcrumb":{"@id":"https:\/\/upskillplatform.com\/william-camara\/#breadcrumb"},"inLanguage":"es","potentialAction":[{"@type":"ReadAction","target":["https:\/\/upskillplatform.com\/william-camara\/"]}]},{"@type":"BreadcrumbList","@id":"https:\/\/upskillplatform.com\/william-camara\/#breadcrumb","itemListElement":[{"@type":"ListItem","position":1,"name":"In\u00edcio","item":"https:\/\/upskillplatform.com\/"},{"@type":"ListItem","position":2,"name":"William Camara"}]},{"@type":"WebSite","@id":"https:\/\/upskillplatform.com\/#website","url":"https:\/\/upskillplatform.com\/","name":"Plataforma Upskill","description":"La tutor\u00eda de liderazgo como servicio","publisher":{"@id":"https:\/\/upskillplatform.com\/#organization"},"potentialAction":[{"@type":"SearchAction","target":{"@type":"EntryPoint","urlTemplate":"https:\/\/upskillplatform.com\/?s={search_term_string}"},"query-input":{"@type":"PropertyValueSpecification","valueRequired":true,"valueName":"search_term_string"}}],"inLanguage":"es"},{"@type":"Organization","@id":"https:\/\/upskillplatform.com\/#organization","name":"Plataforma Upskill","url":"https:\/\/upskillplatform.com\/","logo":{"@type":"ImageObject","inLanguage":"es","@id":"https:\/\/upskillplatform.com\/#\/schema\/logo\/image\/","url":"https:\/\/upskillplatform.com\/wp-content\/uploads\/2022\/07\/upskill-black.webp","contentUrl":"https:\/\/upskillplatform.com\/wp-content\/uploads\/2022\/07\/upskill-black.webp","width":1536,"height":745,"caption":"Upskill Platform"},"image":{"@id":"https:\/\/upskillplatform.com\/#\/schema\/logo\/image\/"},"sameAs":["https:\/\/www.linkedin.com\/company\/upskillplatform"]}]}},"_links":{"self":[{"href":"https:\/\/upskillplatform.com\/es\/wp-json\/wp\/v2\/pages\/1696","targetHints":{"allow":["GET"]}}],"collection":[{"href":"https:\/\/upskillplatform.com\/es\/wp-json\/wp\/v2\/pages"}],"about":[{"href":"https:\/\/upskillplatform.com\/es\/wp-json\/wp\/v2\/types\/page"}],"author":[{"embeddable":true,"href":"https:\/\/upskillplatform.com\/es\/wp-json\/wp\/v2\/users\/1"}],"replies":[{"embeddable":true,"href":"https:\/\/upskillplatform.com\/es\/wp-json\/wp\/v2\/comments?post=1696"}],"version-history":[{"count":25,"href":"https:\/\/upskillplatform.com\/es\/wp-json\/wp\/v2\/pages\/1696\/revisions"}],"predecessor-version":[{"id":6117,"href":"https:\/\/upskillplatform.com\/es\/wp-json\/wp\/v2\/pages\/1696\/revisions\/6117"}],"wp:attachment":[{"href":"https:\/\/upskillplatform.com\/es\/wp-json\/wp\/v2\/media?parent=1696"}],"curies":[{"name":"wp","href":"https:\/\/api.w.org\/{rel}","templated":true}]}}