{"id":1517,"date":"2023-02-02T13:11:48","date_gmt":"2023-02-02T13:11:48","guid":{"rendered":"https:\/\/upskillplatform.com\/?page_id=1517"},"modified":"2025-08-21T12:32:03","modified_gmt":"2025-08-21T15:32:03","slug":"programacion","status":"publish","type":"page","link":"https:\/\/upskillplatform.com\/es\/programacion\/","title":{"rendered":"Reservas"},"content":{"rendered":"\t\t<div data-elementor-type=\"wp-page\" data-elementor-id=\"1517\" class=\"elementor elementor-1517\" data-elementor-post-type=\"page\">\n\t\t\t\t\t\t<section class=\"elementor-section elementor-top-section elementor-element elementor-element-8b0a7a9 elementor-section-boxed elementor-section-height-default elementor-section-height-default\" data-id=\"8b0a7a9\" data-element_type=\"section\" data-e-type=\"section\">\n\t\t\t\t\t\t<div class=\"elementor-container elementor-column-gap-default\">\n\t\t\t\t\t<div class=\"elementor-column elementor-col-100 elementor-top-column elementor-element elementor-element-d1c7c50\" data-id=\"d1c7c50\" data-element_type=\"column\" data-e-type=\"column\" data-settings=\"{&quot;background_background&quot;:&quot;classic&quot;}\">\n\t\t\t<div class=\"elementor-widget-wrap elementor-element-populated\">\n\t\t\t\t<div class=\"elementor-element elementor-element-5a563bf e-flex e-con-boxed e-con e-parent\" data-id=\"5a563bf\" data-element_type=\"container\" data-e-type=\"container\">\n\t\t\t\t\t<div class=\"e-con-inner\">\n\t\t<div class=\"elementor-element elementor-element-9885c8f e-flex e-con-boxed e-con e-child\" data-id=\"9885c8f\" data-element_type=\"container\" data-e-type=\"container\">\n\t\t\t\t\t<div class=\"e-con-inner\">\n\t\t\t\t<div class=\"elementor-element elementor-element-ac6116d elementor-widget elementor-widget-heading\" data-id=\"ac6116d\" data-element_type=\"widget\" data-e-type=\"widget\" data-widget_type=\"heading.default\">\n\t\t\t\t<div class=\"elementor-widget-container\">\n\t\t\t\t\t<h2 class=\"elementor-heading-title elementor-size-default\">Entraremos em contato com voc\u00ea!<\/h2>\t\t\t\t<\/div>\n\t\t\t\t<\/div>\n\t\t\t\t<div class=\"elementor-element elementor-element-708c7f1 elementor-widget elementor-widget-text-editor\" data-id=\"708c7f1\" data-element_type=\"widget\" data-e-type=\"widget\" data-widget_type=\"text-editor.default\">\n\t\t\t\t<div class=\"elementor-widget-container\">\n\t\t\t\t\t\t\t\t\t<p>Aguarde um momento. Em breve, um de nossos representantes entrar\u00e1 em contato para agendar sua primeira sess\u00e3o de forma personalizada.<\/p>\t\t\t\t\t\t\t\t<\/div>\n\t\t\t\t<\/div>\n\t\t\t\t\t<\/div>\n\t\t\t\t<\/div>\n\t\t\t\t\t<\/div>\n\t\t\t\t<\/div>\n\t\t\t\t\t<\/div>\n\t\t<\/div>\n\t\t\t\t\t<\/div>\n\t\t<\/section>\n\t\t\t\t<section class=\"elementor-section elementor-top-section elementor-element elementor-element-2797dc8 elementor-section-boxed elementor-section-height-default elementor-section-height-default\" data-id=\"2797dc8\" data-element_type=\"section\" data-e-type=\"section\" data-settings=\"{&quot;background_background&quot;:&quot;classic&quot;}\">\n\t\t\t\t\t\t<div class=\"elementor-container elementor-column-gap-default\">\n\t\t\t\t\t<div class=\"elementor-column elementor-col-100 elementor-top-column elementor-element elementor-element-55668d0\" data-id=\"55668d0\" data-element_type=\"column\" data-e-type=\"column\">\n\t\t\t<div class=\"elementor-widget-wrap elementor-element-populated\">\n\t\t\t\t\t\t<div class=\"elementor-element elementor-element-2997f70 elementor-widget elementor-widget-heading\" data-id=\"2997f70\" data-element_type=\"widget\" data-e-type=\"widget\" data-widget_type=\"heading.default\">\n\t\t\t\t<div class=\"elementor-widget-container\">\n\t\t\t\t\t<h2 class=\"elementor-heading-title elementor-size-default\">O que os l\u00edderes andam falando sobre n\u00f3s...<\/h2>\t\t\t\t<\/div>\n\t\t\t\t<\/div>\n\t\t<div class=\"elementor-element elementor-element-8e1c21c e-flex e-con-boxed e-con e-parent\" data-id=\"8e1c21c\" data-element_type=\"container\" data-e-type=\"container\">\n\t\t\t\t\t<div class=\"e-con-inner\">\n\t\t\t\t<div class=\"elementor-element elementor-element-e92dac9 elementor-testimonial--skin-default elementor-testimonial--layout-image_inline elementor-testimonial--align-center elementor-arrows-yes elementor-pagination-type-bullets elementor-widget elementor-widget-testimonial-carousel\" data-id=\"e92dac9\" data-element_type=\"widget\" data-e-type=\"widget\" data-settings=\"{&quot;slides_per_view&quot;:&quot;2&quot;,&quot;show_arrows&quot;:&quot;yes&quot;,&quot;pagination&quot;:&quot;bullets&quot;,&quot;speed&quot;:500,&quot;autoplay&quot;:&quot;yes&quot;,&quot;autoplay_speed&quot;:5000,&quot;loop&quot;:&quot;yes&quot;,&quot;pause_on_hover&quot;:&quot;yes&quot;,&quot;pause_on_interaction&quot;:&quot;yes&quot;,&quot;space_between&quot;:{&quot;unit&quot;:&quot;px&quot;,&quot;size&quot;:10,&quot;sizes&quot;:[]},&quot;space_between_tablet&quot;:{&quot;unit&quot;:&quot;px&quot;,&quot;size&quot;:10,&quot;sizes&quot;:[]},&quot;space_between_mobile&quot;:{&quot;unit&quot;:&quot;px&quot;,&quot;size&quot;:10,&quot;sizes&quot;:[]}}\" data-widget_type=\"testimonial-carousel.default\">\n\t\t\t\t<div class=\"elementor-widget-container\">\n\t\t\t\t\t\t\t\t\t<div class=\"elementor-swiper\">\n\t\t\t\t\t<div class=\"elementor-main-swiper swiper\" role=\"region\" aria-roledescription=\"carousel\" aria-label=\"Slides\">\n\t\t\t\t<div class=\"swiper-wrapper\">\n\t\t\t\t\t\t\t\t\t\t\t<div class=\"swiper-slide\" role=\"group\" aria-roledescription=\"slide\">\n\t\t\t\t\t\t\t\t\t<div class=\"elementor-testimonial\">\n\t\t\t\t\t\t\t<div class=\"elementor-testimonial__content\">\n\t\t\t\t\t<div class=\"elementor-testimonial__text\">\n\t\t\t\t\t\tH\u00e1 muitos pontos de conflito que enfrento no dia-a-dia e j\u00e1 consegui achar solu\u00e7\u00f5es criativas junto com meu mentor e tamb\u00e9m nas mentorias em grupo. \u00c9 interessante pensar como um framework para relacionamentos humanos, uma vez que atividades humanas trazem resultados objetivos.\t\t\t\t\t<\/div>\n\t\t\t\t\t\t\t\t\t<\/div>\n\t\t\t\t\t\t<div class=\"elementor-testimonial__footer\">\n\t\t\t\t\t\t\t\t<cite class=\"elementor-testimonial__cite\"><span class=\"elementor-testimonial__name\">Alan Pereira<\/span><span class=\"elementor-testimonial__title\">Sales Manager - Protega Managed Cybersecurity<\/span><\/cite>\t\t\t<\/div>\n\t\t<\/div>\n\t\t\t\t\t\t\t\t<\/div>\n\t\t\t\t\t\t\t\t\t\t\t<div class=\"swiper-slide\" role=\"group\" aria-roledescription=\"slide\">\n\t\t\t\t\t\t\t\t\t<div class=\"elementor-testimonial\">\n\t\t\t\t\t\t\t<div class=\"elementor-testimonial__content\">\n\t\t\t\t\t<div class=\"elementor-testimonial__text\">\n\t\t\t\t\t\tAs mentorias me encorajaram a aprofundar e entender meus valores fundamentais e como viver uma vida intencional. Olhando para tr\u00e1s, muitos dos insights que tive me ajudaram a construir a empresa de sucesso que criei. Agora, uma das bases do treinamento da minha empresa para todos os membros \u00e9 este programa.\n\t\t\t\t\t<\/div>\n\t\t\t\t\t\t\t\t\t<\/div>\n\t\t\t\t\t\t<div class=\"elementor-testimonial__footer\">\n\t\t\t\t\t\t\t\t<cite class=\"elementor-testimonial__cite\"><span class=\"elementor-testimonial__name\">Marco Candi<\/span><span class=\"elementor-testimonial__title\">Cofundador e CRO - Konektera<\/span><\/cite>\t\t\t<\/div>\n\t\t<\/div>\n\t\t\t\t\t\t\t\t<\/div>\n\t\t\t\t\t\t\t\t\t\t\t<div class=\"swiper-slide\" role=\"group\" aria-roledescription=\"slide\">\n\t\t\t\t\t\t\t\t\t<div class=\"elementor-testimonial\">\n\t\t\t\t\t\t\t<div class=\"elementor-testimonial__content\">\n\t\t\t\t\t<div class=\"elementor-testimonial__text\">\n\t\t\t\t\t\tGostei bastante [das mentorias]. Te faz sentir bem consigo mesmo para assim conseguir fazer a gest\u00e3o das pessoas, lidar com as pessoas ou situa\u00e7\u00f5es complicadas. Gostei principalmente da mentora, que se encaixou muito com os meus pensamentos e com aquilo que eu tinha de necessidade, me levando para a causa raiz do meu problema principal e assim me indicando v\u00e1rios caminhos de como solucionar aquele ponto.\n\t\t\t\t\t<\/div>\n\t\t\t\t\t\t\t\t\t<\/div>\n\t\t\t\t\t\t<div class=\"elementor-testimonial__footer\">\n\t\t\t\t\t\t\t\t<cite class=\"elementor-testimonial__cite\"><span class=\"elementor-testimonial__name\">L\u00edder da Devio.<\/span><\/cite>\t\t\t<\/div>\n\t\t<\/div>\n\t\t\t\t\t\t\t\t<\/div>\n\t\t\t\t\t\t\t\t\t<\/div>\n\t\t\t\t\t\t\t\t\t\t\t\t\t\t\t<div class=\"elementor-swiper-button elementor-swiper-button-prev\" role=\"button\" tabindex=\"0\" aria-label=\"Previous\">\n\t\t\t\t\t\t\t<i aria-hidden=\"true\" class=\"eicon-chevron-left\"><\/i>\t\t\t\t\t\t<\/div>\n\t\t\t\t\t\t<div class=\"elementor-swiper-button elementor-swiper-button-next\" role=\"button\" tabindex=\"0\" aria-label=\"Next\">\n\t\t\t\t\t\t\t<i aria-hidden=\"true\" class=\"eicon-chevron-right\"><\/i>\t\t\t\t\t\t<\/div>\n\t\t\t\t\t\t\t\t\t\t\t\t\t\t\t\t<div class=\"swiper-pagination\"><\/div>\n\t\t\t\t\t\t\t\t\t\t\t\t<\/div>\n\t\t\t\t<\/div>\n\t\t\t\t\t\t\t\t<\/div>\n\t\t\t\t<\/div>\n\t\t\t\t\t<\/div>\n\t\t\t\t<\/div>\n\t\t\t\t<div class=\"elementor-element elementor-element-01f1dcc elementor-align-center elementor-widget elementor-widget-button\" data-id=\"01f1dcc\" data-element_type=\"widget\" data-e-type=\"widget\" data-widget_type=\"button.default\">\n\t\t\t\t<div class=\"elementor-widget-container\">\n\t\t\t\t\t\t\t\t\t<div class=\"elementor-button-wrapper\">\n\t\t\t\t\t<a class=\"elementor-button elementor-button-link elementor-size-sm\" href=\"https:\/\/upskillplatform.com\/cases-e-depoimentos\/\" target=\"_blank\">\n\t\t\t\t\t\t<span class=\"elementor-button-content-wrapper\">\n\t\t\t\t\t\t\t\t\t<span class=\"elementor-button-text\">Ver cases de sucesso<\/span>\n\t\t\t\t\t<\/span>\n\t\t\t\t\t<\/a>\n\t\t\t\t<\/div>\n\t\t\t\t\t\t\t\t<\/div>\n\t\t\t\t<\/div>\n\t\t\t\t\t<\/div>\n\t\t<\/div>\n\t\t\t\t\t<\/div>\n\t\t<\/section>\n\t\t\t\t<\/div>\n\t\t","protected":false},"excerpt":{"rendered":"<p>Entraremos em contato com voc\u00ea! Aguarde um momento. Em breve, um de nossos representantes entrar\u00e1 em contato para agendar sua primeira sess\u00e3o de forma personalizada. O que os l\u00edderes andam falando sobre n\u00f3s&#8230; H\u00e1 muitos pontos de conflito que enfrento no dia-a-dia e j\u00e1 consegui achar solu\u00e7\u00f5es criativas junto com meu mentor e tamb\u00e9m nas [&hellip;]<\/p>\n","protected":false},"author":1,"featured_media":0,"parent":0,"menu_order":0,"comment_status":"closed","ping_status":"closed","template":"","meta":{"footnotes":""},"class_list":["post-1517","page","type-page","status-publish","hentry"],"yoast_head":"<!-- This site is optimized with the Yoast SEO plugin v27.3 - https:\/\/yoast.com\/product\/yoast-seo-wordpress\/ -->\n<title>Agendamento - Upskill Platform<\/title>\n<meta name=\"robots\" content=\"index, follow, max-snippet:-1, max-image-preview:large, max-video-preview:-1\" \/>\n<link rel=\"canonical\" href=\"https:\/\/upskillplatform.com\/es\/programacion\/\" \/>\n<meta property=\"og:locale\" content=\"es_ES\" \/>\n<meta property=\"og:type\" content=\"article\" \/>\n<meta property=\"og:title\" content=\"Agendamento - Upskill Platform\" \/>\n<meta property=\"og:description\" content=\"Entraremos em contato com voc\u00ea! Aguarde um momento. Em breve, um de nossos representantes entrar\u00e1 em contato para agendar sua primeira sess\u00e3o de forma personalizada. O que os l\u00edderes andam falando sobre n\u00f3s&#8230; H\u00e1 muitos pontos de conflito que enfrento no dia-a-dia e j\u00e1 consegui achar solu\u00e7\u00f5es criativas junto com meu mentor e tamb\u00e9m nas [&hellip;]\" \/>\n<meta property=\"og:url\" content=\"https:\/\/upskillplatform.com\/es\/programacion\/\" \/>\n<meta property=\"og:site_name\" content=\"Upskill Platform\" \/>\n<meta property=\"article:modified_time\" content=\"2025-08-21T15:32:03+00:00\" \/>\n<meta name=\"twitter:card\" content=\"summary_large_image\" \/>\n<meta name=\"twitter:label1\" content=\"Tiempo de lectura\" \/>\n\t<meta name=\"twitter:data1\" content=\"3 minutos\" \/>\n<script type=\"application\/ld+json\" class=\"yoast-schema-graph\">{\"@context\":\"https:\\\/\\\/schema.org\",\"@graph\":[{\"@type\":\"WebPage\",\"@id\":\"https:\\\/\\\/upskillplatform.com\\\/agendamento\\\/\",\"url\":\"https:\\\/\\\/upskillplatform.com\\\/agendamento\\\/\",\"name\":\"Agendamento - Upskill Platform\",\"isPartOf\":{\"@id\":\"https:\\\/\\\/upskillplatform.com\\\/#website\"},\"datePublished\":\"2023-02-02T13:11:48+00:00\",\"dateModified\":\"2025-08-21T15:32:03+00:00\",\"breadcrumb\":{\"@id\":\"https:\\\/\\\/upskillplatform.com\\\/agendamento\\\/#breadcrumb\"},\"inLanguage\":\"es\",\"potentialAction\":[{\"@type\":\"ReadAction\",\"target\":[\"https:\\\/\\\/upskillplatform.com\\\/agendamento\\\/\"]}]},{\"@type\":\"BreadcrumbList\",\"@id\":\"https:\\\/\\\/upskillplatform.com\\\/agendamento\\\/#breadcrumb\",\"itemListElement\":[{\"@type\":\"ListItem\",\"position\":1,\"name\":\"In\u00edcio\",\"item\":\"https:\\\/\\\/upskillplatform.com\\\/\"},{\"@type\":\"ListItem\",\"position\":2,\"name\":\"Agendamento\"}]},{\"@type\":\"WebSite\",\"@id\":\"https:\\\/\\\/upskillplatform.com\\\/#website\",\"url\":\"https:\\\/\\\/upskillplatform.com\\\/\",\"name\":\"Upskill Platform\",\"description\":\"Mentoria de Lideran\u00e7a as a Service\",\"publisher\":{\"@id\":\"https:\\\/\\\/upskillplatform.com\\\/#organization\"},\"potentialAction\":[{\"@type\":\"SearchAction\",\"target\":{\"@type\":\"EntryPoint\",\"urlTemplate\":\"https:\\\/\\\/upskillplatform.com\\\/?s={search_term_string}\"},\"query-input\":{\"@type\":\"PropertyValueSpecification\",\"valueRequired\":true,\"valueName\":\"search_term_string\"}}],\"inLanguage\":\"es\"},{\"@type\":\"Organization\",\"@id\":\"https:\\\/\\\/upskillplatform.com\\\/#organization\",\"name\":\"Upskill Platform\",\"url\":\"https:\\\/\\\/upskillplatform.com\\\/\",\"logo\":{\"@type\":\"ImageObject\",\"inLanguage\":\"es\",\"@id\":\"https:\\\/\\\/upskillplatform.com\\\/#\\\/schema\\\/logo\\\/image\\\/\",\"url\":\"https:\\\/\\\/upskillplatform.com\\\/wp-content\\\/uploads\\\/2022\\\/07\\\/upskill-black.webp\",\"contentUrl\":\"https:\\\/\\\/upskillplatform.com\\\/wp-content\\\/uploads\\\/2022\\\/07\\\/upskill-black.webp\",\"width\":1536,\"height\":745,\"caption\":\"Upskill Platform\"},\"image\":{\"@id\":\"https:\\\/\\\/upskillplatform.com\\\/#\\\/schema\\\/logo\\\/image\\\/\"},\"sameAs\":[\"https:\\\/\\\/www.linkedin.com\\\/company\\\/upskillplatform\"]}]}<\/script>\n<!-- \/ Yoast SEO plugin. -->","yoast_head_json":{"title":"Programaci\u00f3n - Plataforma Upskill","robots":{"index":"index","follow":"follow","max-snippet":"max-snippet:-1","max-image-preview":"max-image-preview:large","max-video-preview":"max-video-preview:-1"},"canonical":"https:\/\/upskillplatform.com\/es\/programacion\/","og_locale":"es_ES","og_type":"article","og_title":"Agendamento - Upskill Platform","og_description":"Entraremos em contato com voc\u00ea! Aguarde um momento. Em breve, um de nossos representantes entrar\u00e1 em contato para agendar sua primeira sess\u00e3o de forma personalizada. O que os l\u00edderes andam falando sobre n\u00f3s&#8230; H\u00e1 muitos pontos de conflito que enfrento no dia-a-dia e j\u00e1 consegui achar solu\u00e7\u00f5es criativas junto com meu mentor e tamb\u00e9m nas [&hellip;]","og_url":"https:\/\/upskillplatform.com\/es\/programacion\/","og_site_name":"Upskill Platform","article_modified_time":"2025-08-21T15:32:03+00:00","twitter_card":"summary_large_image","twitter_misc":{"Tiempo de lectura":"3 minutos"},"schema":{"@context":"https:\/\/schema.org","@graph":[{"@type":"WebPage","@id":"https:\/\/upskillplatform.com\/agendamento\/","url":"https:\/\/upskillplatform.com\/agendamento\/","name":"Programaci\u00f3n - Plataforma Upskill","isPartOf":{"@id":"https:\/\/upskillplatform.com\/#website"},"datePublished":"2023-02-02T13:11:48+00:00","dateModified":"2025-08-21T15:32:03+00:00","breadcrumb":{"@id":"https:\/\/upskillplatform.com\/agendamento\/#breadcrumb"},"inLanguage":"es","potentialAction":[{"@type":"ReadAction","target":["https:\/\/upskillplatform.com\/agendamento\/"]}]},{"@type":"BreadcrumbList","@id":"https:\/\/upskillplatform.com\/agendamento\/#breadcrumb","itemListElement":[{"@type":"ListItem","position":1,"name":"In\u00edcio","item":"https:\/\/upskillplatform.com\/"},{"@type":"ListItem","position":2,"name":"Agendamento"}]},{"@type":"WebSite","@id":"https:\/\/upskillplatform.com\/#website","url":"https:\/\/upskillplatform.com\/","name":"Plataforma Upskill","description":"La tutor\u00eda de liderazgo como servicio","publisher":{"@id":"https:\/\/upskillplatform.com\/#organization"},"potentialAction":[{"@type":"SearchAction","target":{"@type":"EntryPoint","urlTemplate":"https:\/\/upskillplatform.com\/?s={search_term_string}"},"query-input":{"@type":"PropertyValueSpecification","valueRequired":true,"valueName":"search_term_string"}}],"inLanguage":"es"},{"@type":"Organization","@id":"https:\/\/upskillplatform.com\/#organization","name":"Plataforma Upskill","url":"https:\/\/upskillplatform.com\/","logo":{"@type":"ImageObject","inLanguage":"es","@id":"https:\/\/upskillplatform.com\/#\/schema\/logo\/image\/","url":"https:\/\/upskillplatform.com\/wp-content\/uploads\/2022\/07\/upskill-black.webp","contentUrl":"https:\/\/upskillplatform.com\/wp-content\/uploads\/2022\/07\/upskill-black.webp","width":1536,"height":745,"caption":"Upskill Platform"},"image":{"@id":"https:\/\/upskillplatform.com\/#\/schema\/logo\/image\/"},"sameAs":["https:\/\/www.linkedin.com\/company\/upskillplatform"]}]}},"_links":{"self":[{"href":"https:\/\/upskillplatform.com\/es\/wp-json\/wp\/v2\/pages\/1517","targetHints":{"allow":["GET"]}}],"collection":[{"href":"https:\/\/upskillplatform.com\/es\/wp-json\/wp\/v2\/pages"}],"about":[{"href":"https:\/\/upskillplatform.com\/es\/wp-json\/wp\/v2\/types\/page"}],"author":[{"embeddable":true,"href":"https:\/\/upskillplatform.com\/es\/wp-json\/wp\/v2\/users\/1"}],"replies":[{"embeddable":true,"href":"https:\/\/upskillplatform.com\/es\/wp-json\/wp\/v2\/comments?post=1517"}],"version-history":[{"count":28,"href":"https:\/\/upskillplatform.com\/es\/wp-json\/wp\/v2\/pages\/1517\/revisions"}],"predecessor-version":[{"id":5398,"href":"https:\/\/upskillplatform.com\/es\/wp-json\/wp\/v2\/pages\/1517\/revisions\/5398"}],"wp:attachment":[{"href":"https:\/\/upskillplatform.com\/es\/wp-json\/wp\/v2\/media?parent=1517"}],"curies":[{"name":"wp","href":"https:\/\/api.w.org\/{rel}","templated":true}]}}