{"id":5809,"date":"2025-12-04T15:10:00","date_gmt":"2025-12-04T18:10:00","guid":{"rendered":"https:\/\/upskillplatform.com\/?page_id=5809"},"modified":"2026-02-06T11:06:49","modified_gmt":"2026-02-06T14:06:49","slug":"leadership-mentoring-programmes","status":"publish","type":"page","link":"https:\/\/upskillplatform.com\/en\/programas-de-mentoria-de-lideranca\/","title":{"rendered":"Leadership Mentoring Programmes"},"content":{"rendered":"<div data-elementor-type=\"wp-page\" data-elementor-id=\"5809\" class=\"elementor elementor-5809\" data-elementor-post-type=\"page\">\n\t\t\t\t<div class=\"elementor-element elementor-element-8f8cfea e-flex e-con-boxed e-con e-parent\" data-id=\"8f8cfea\" data-element_type=\"container\" data-e-type=\"container\" data-settings=\"{&quot;background_background&quot;:&quot;classic&quot;}\">\n\t\t\t\t\t<div class=\"e-con-inner\">\n\t\t<div class=\"elementor-element elementor-element-34b50ba e-con-full e-flex e-con e-child\" data-id=\"34b50ba\" data-element_type=\"container\" data-e-type=\"container\">\n\t\t<div class=\"elementor-element elementor-element-4c783de e-con-full e-flex e-con e-child\" data-id=\"4c783de\" data-element_type=\"container\" data-e-type=\"container\">\n\t\t\t\t<div class=\"elementor-element elementor-element-0e9bece elementor-widget elementor-widget-heading\" data-id=\"0e9bece\" data-element_type=\"widget\" data-e-type=\"widget\" data-widget_type=\"heading.default\">\n\t\t\t\t<div class=\"elementor-widget-container\">\n\t\t\t\t\t<h2 class=\"elementor-heading-title elementor-size-default\">1:1 Leadership Mentoring Programmes<\/h2>\t\t\t\t<\/div>\n\t\t\t\t<\/div>\n\t\t\t\t<div class=\"elementor-element elementor-element-69a4225 elementor-widget elementor-widget-text-editor\" data-id=\"69a4225\" data-element_type=\"widget\" data-e-type=\"widget\" data-widget_type=\"text-editor.default\">\n\t\t\t\t<div class=\"elementor-widget-container\">\n\t\t\t\t\t\t\t\t\t<p>Validated methodology, human mentors + AI, platform to map gaps and measure results<\/p>\t\t\t\t\t\t\t\t<\/div>\n\t\t\t\t<\/div>\n\t\t\t\t<div class=\"elementor-element elementor-element-546f826 elementor-widget elementor-widget-text-editor\" data-id=\"546f826\" data-element_type=\"widget\" data-e-type=\"widget\" data-widget_type=\"text-editor.default\">\n\t\t\t\t<div class=\"elementor-widget-container\">\n\t\t\t\t\t\t\t\t\tOur programmes integrate experienced mentors and artificial intelligence in a platform that diagnoses, develops and measures leadership progress.\t\t\t\t\t\t\t\t<\/div>\n\t\t\t\t<\/div>\n\t\t\t\t<div class=\"elementor-element elementor-element-cb95e53 elementor-align-left elementor-widget elementor-widget-button\" data-id=\"cb95e53\" data-element_type=\"widget\" data-e-type=\"widget\" data-widget_type=\"button.default\">\n\t\t\t\t<div class=\"elementor-widget-container\">\n\t\t\t\t\t\t\t\t\t<div class=\"elementor-button-wrapper\">\n\t\t\t\t\t<a class=\"elementor-button elementor-button-link elementor-size-sm\" href=\"https:\/\/upskillplatform.com\/en\/methodology\/#modelo-upskill\">\n\t\t\t\t\t\t<span class=\"elementor-button-content-wrapper\">\n\t\t\t\t\t\t\t\t\t<span class=\"elementor-button-text\">Get to know the Upskill development model<\/span>\n\t\t\t\t\t<\/span>\n\t\t\t\t\t<\/a>\n\t\t\t\t<\/div>\n\t\t\t\t\t\t\t\t<\/div>\n\t\t\t\t<\/div>\n\t\t\t\t<\/div>\n\t\t<div class=\"elementor-element elementor-element-d95a53c e-con-full e-flex e-con e-child\" data-id=\"d95a53c\" data-element_type=\"container\" data-e-type=\"container\">\n\t\t\t\t<div class=\"elementor-element elementor-element-769e9b9 elementor-widget elementor-widget-image\" data-id=\"769e9b9\" data-element_type=\"widget\" data-e-type=\"widget\" data-widget_type=\"image.default\">\n\t\t\t\t<div class=\"elementor-widget-container\">\n\t\t\t\t\t\t\t\t\t\t\t\t\t\t\t<img fetchpriority=\"high\" decoding=\"async\" width=\"800\" height=\"742\" src=\"https:\/\/upskillplatform.com\/wp-content\/uploads\/2025\/12\/desenvolvimento-diagnostico-medicao-2.png\" class=\"attachment-large size-large wp-image-5880\" alt=\"\" srcset=\"https:\/\/upskillplatform.com\/wp-content\/uploads\/2025\/12\/desenvolvimento-diagnostico-medicao-2.png 800w, https:\/\/upskillplatform.com\/wp-content\/uploads\/2025\/12\/desenvolvimento-diagnostico-medicao-2-300x278.png 300w, https:\/\/upskillplatform.com\/wp-content\/uploads\/2025\/12\/desenvolvimento-diagnostico-medicao-2-768x712.png 768w, https:\/\/upskillplatform.com\/wp-content\/uploads\/2025\/12\/desenvolvimento-diagnostico-medicao-2-13x12.png 13w\" sizes=\"(max-width: 800px) 100vw, 800px\" \/>\t\t\t\t\t\t\t\t\t\t\t\t\t\t\t<\/div>\n\t\t\t\t<\/div>\n\t\t\t\t<\/div>\n\t\t\t\t<\/div>\n\t\t\t\t\t<\/div>\n\t\t\t\t<\/div>\n\t\t<div class=\"elementor-element elementor-element-6e98253 e-flex e-con-boxed e-con e-parent\" data-id=\"6e98253\" data-element_type=\"container\" data-e-type=\"container\">\n\t\t\t\t\t<div class=\"e-con-inner\">\n\t\t<div class=\"elementor-element elementor-element-b27eecd e-con-full e-flex e-con e-child\" data-id=\"b27eecd\" data-element_type=\"container\" data-e-type=\"container\">\n\t\t<div class=\"elementor-element elementor-element-bf62bd5 e-con-full e-flex e-con e-child\" data-id=\"bf62bd5\" data-element_type=\"container\" data-e-type=\"container\" data-settings=\"{&quot;background_background&quot;:&quot;classic&quot;}\">\n\t\t\t\t<div class=\"elementor-element elementor-element-6f4c48e elementor-widget elementor-widget-heading\" data-id=\"6f4c48e\" data-element_type=\"widget\" data-e-type=\"widget\" data-widget_type=\"heading.default\">\n\t\t\t\t<div class=\"elementor-widget-container\">\n\t\t\t\t\t<h2 class=\"elementor-heading-title elementor-size-default\">Diagnosis<\/h2>\t\t\t\t<\/div>\n\t\t\t\t<\/div>\n\t\t\t\t<div class=\"elementor-element elementor-element-9e6f99d elementor-icon-list--layout-traditional elementor-list-item-link-full_width elementor-widget elementor-widget-icon-list\" data-id=\"9e6f99d\" data-element_type=\"widget\" data-e-type=\"widget\" data-widget_type=\"icon-list.default\">\n\t\t\t\t<div class=\"elementor-widget-container\">\n\t\t\t\t\t\t\t<ul class=\"elementor-icon-list-items\">\n\t\t\t\t\t\t\t<li class=\"elementor-icon-list-item\">\n\t\t\t\t\t\t\t\t\t\t<span class=\"elementor-icon-list-text\">Leadership profile<\/span>\n\t\t\t\t\t\t\t\t\t<\/li>\n\t\t\t\t\t\t\t\t<li class=\"elementor-icon-list-item\">\n\t\t\t\t\t\t\t\t\t\t<span class=\"elementor-icon-list-text\">Skills gaps<\/span>\n\t\t\t\t\t\t\t\t\t<\/li>\n\t\t\t\t\t\t<\/ul>\n\t\t\t\t\t\t<\/div>\n\t\t\t\t<\/div>\n\t\t\t\t<\/div>\n\t\t<div class=\"elementor-element elementor-element-919435a e-con-full e-flex e-con e-child\" data-id=\"919435a\" data-element_type=\"container\" data-e-type=\"container\" data-settings=\"{&quot;background_background&quot;:&quot;classic&quot;}\">\n\t\t\t\t<div class=\"elementor-element elementor-element-3c1fda1 elementor-widget elementor-widget-heading\" data-id=\"3c1fda1\" data-element_type=\"widget\" data-e-type=\"widget\" data-widget_type=\"heading.default\">\n\t\t\t\t<div class=\"elementor-widget-container\">\n\t\t\t\t\t<h2 class=\"elementor-heading-title elementor-size-default\">Development<\/h2>\t\t\t\t<\/div>\n\t\t\t\t<\/div>\n\t\t\t\t<div class=\"elementor-element elementor-element-0d4cab4 elementor-icon-list--layout-traditional elementor-list-item-link-full_width elementor-widget elementor-widget-icon-list\" data-id=\"0d4cab4\" data-element_type=\"widget\" data-e-type=\"widget\" data-widget_type=\"icon-list.default\">\n\t\t\t\t<div class=\"elementor-widget-container\">\n\t\t\t\t\t\t\t<ul class=\"elementor-icon-list-items\">\n\t\t\t\t\t\t\t<li class=\"elementor-icon-list-item\">\n\t\t\t\t\t\t\t\t\t\t<span class=\"elementor-icon-list-text\">1:1 mentoring\t<\/span>\n\t\t\t\t\t\t\t\t\t<\/li>\n\t\t\t\t\t\t\t\t<li class=\"elementor-icon-list-item\">\n\t\t\t\t\t\t\t\t\t\t<span class=\"elementor-icon-list-text\">Group mentoring<\/span>\n\t\t\t\t\t\t\t\t\t<\/li>\n\t\t\t\t\t\t\t\t<li class=\"elementor-icon-list-item\">\n\t\t\t\t\t\t\t\t\t\t<span class=\"elementor-icon-list-text\">mentoring<\/span>\n\t\t\t\t\t\t\t\t\t<\/li>\n\t\t\t\t\t\t<\/ul>\n\t\t\t\t\t\t<\/div>\n\t\t\t\t<\/div>\n\t\t\t\t<\/div>\n\t\t<div class=\"elementor-element elementor-element-d180a8a e-con-full e-flex e-con e-child\" data-id=\"d180a8a\" data-element_type=\"container\" data-e-type=\"container\" data-settings=\"{&quot;background_background&quot;:&quot;classic&quot;}\">\n\t\t\t\t<div class=\"elementor-element elementor-element-d09ce3a elementor-widget elementor-widget-heading\" data-id=\"d09ce3a\" data-element_type=\"widget\" data-e-type=\"widget\" data-widget_type=\"heading.default\">\n\t\t\t\t<div class=\"elementor-widget-container\">\n\t\t\t\t\t<h2 class=\"elementor-heading-title elementor-size-default\">Impact measurement<\/h2>\t\t\t\t<\/div>\n\t\t\t\t<\/div>\n\t\t\t\t<div class=\"elementor-element elementor-element-b2bab36 elementor-icon-list--layout-traditional elementor-list-item-link-full_width elementor-widget elementor-widget-icon-list\" data-id=\"b2bab36\" data-element_type=\"widget\" data-e-type=\"widget\" data-widget_type=\"icon-list.default\">\n\t\t\t\t<div class=\"elementor-widget-container\">\n\t\t\t\t\t\t\t<ul class=\"elementor-icon-list-items\">\n\t\t\t\t\t\t\t<li class=\"elementor-icon-list-item\">\n\t\t\t\t\t\t\t\t\t\t<span class=\"elementor-icon-list-text\">Engagement<\/span>\n\t\t\t\t\t\t\t\t\t<\/li>\n\t\t\t\t\t\t\t\t<li class=\"elementor-icon-list-item\">\n\t\t\t\t\t\t\t\t\t\t<span class=\"elementor-icon-list-text\">Progress<\/span>\n\t\t\t\t\t\t\t\t\t<\/li>\n\t\t\t\t\t\t\t\t<li class=\"elementor-icon-list-item\">\n\t\t\t\t\t\t\t\t\t\t<span class=\"elementor-icon-list-text\">Performance<\/span>\n\t\t\t\t\t\t\t\t\t<\/li>\n\t\t\t\t\t\t<\/ul>\n\t\t\t\t\t\t<\/div>\n\t\t\t\t<\/div>\n\t\t\t\t<\/div>\n\t\t\t\t<\/div>\n\t\t\t\t\t<\/div>\n\t\t\t\t<\/div>\n\t\t<div class=\"elementor-element elementor-element-35d2919 e-flex e-con-boxed e-con e-parent\" data-id=\"35d2919\" data-element_type=\"container\" data-e-type=\"container\">\n\t\t\t\t\t<div class=\"e-con-inner\">\n\t\t<div class=\"elementor-element elementor-element-69c9b3b e-con-full e-flex e-con e-child\" data-id=\"69c9b3b\" data-element_type=\"container\" data-e-type=\"container\">\n\t\t<div class=\"elementor-element elementor-element-8e64933 e-con-full e-flex e-con e-child\" data-id=\"8e64933\" data-element_type=\"container\" data-e-type=\"container\">\n\t\t\t\t<div class=\"elementor-element elementor-element-d393bb6 elementor-widget elementor-widget-heading\" data-id=\"d393bb6\" data-element_type=\"widget\" data-e-type=\"widget\" data-widget_type=\"heading.default\">\n\t\t\t\t<div class=\"elementor-widget-container\">\n\t\t\t\t\t<h2 class=\"elementor-heading-title elementor-size-default\">Personalise and accelerate leadership development<\/h2>\t\t\t\t<\/div>\n\t\t\t\t<\/div>\n\t\t\t\t<\/div>\n\t\t<div class=\"elementor-element elementor-element-b9d5221 e-con-full e-flex e-con e-child\" data-id=\"b9d5221\" data-element_type=\"container\" data-e-type=\"container\">\n\t\t\t\t<div class=\"elementor-element elementor-element-0bc7a8e elementor-align-right elementor-widget elementor-widget-button\" data-id=\"0bc7a8e\" data-element_type=\"widget\" data-e-type=\"widget\" data-widget_type=\"button.default\">\n\t\t\t\t<div class=\"elementor-widget-container\">\n\t\t\t\t\t\t\t\t\t<div class=\"elementor-button-wrapper\">\n\t\t\t\t\t<a class=\"elementor-button elementor-button-link elementor-size-sm\" href=\"\/en\/plans\/\" target=\"_blank\">\n\t\t\t\t\t\t<span class=\"elementor-button-content-wrapper\">\n\t\t\t\t\t\t\t\t\t<span class=\"elementor-button-text\">Check out the subscription plan options<\/span>\n\t\t\t\t\t<\/span>\n\t\t\t\t\t<\/a>\n\t\t\t\t<\/div>\n\t\t\t\t\t\t\t\t<\/div>\n\t\t\t\t<\/div>\n\t\t\t\t<\/div>\n\t\t\t\t<\/div>\n\t\t<div class=\"elementor-element elementor-element-757b327 e-con-full e-flex e-con e-child\" data-id=\"757b327\" data-element_type=\"container\" data-e-type=\"container\">\n\t\t<div class=\"elementor-element elementor-element-225f3fc e-con-full e-flex e-con e-child\" data-id=\"225f3fc\" data-element_type=\"container\" data-e-type=\"container\">\n\t\t\t\t<div class=\"elementor-element elementor-element-00d7850 elementor-widget elementor-widget-text-editor\" data-id=\"00d7850\" data-element_type=\"widget\" data-e-type=\"widget\" data-widget_type=\"text-editor.default\">\n\t\t\t\t<div class=\"elementor-widget-container\">\n\t\t\t\t\t\t\t\t\t<p><b>Each leader faces different challenges within the same business context <\/b><span style=\"font-weight: 400;\">- and Upskill maps it, <\/span><strong>personalises and accompanies the entire <a href=\"https:\/\/upskillplatform.com\/en\/development-paths\/\">development path<\/a><\/strong>, <b>accelerating<\/b><span style=\"font-weight: 400;\"> gaining the critical skills to perform.<\/span><span style=\"font-weight: 400;\"><br \/><\/span><\/p>\t\t\t\t\t\t\t\t<\/div>\n\t\t\t\t<\/div>\n\t\t\t\t<\/div>\n\t\t<div class=\"elementor-element elementor-element-b770e90 e-con-full e-flex e-con e-child\" data-id=\"b770e90\" data-element_type=\"container\" data-e-type=\"container\">\n\t\t\t\t<div class=\"elementor-element elementor-element-620d0e8 elementor-widget elementor-widget-text-editor\" data-id=\"620d0e8\" data-element_type=\"widget\" data-e-type=\"widget\" data-widget_type=\"text-editor.default\">\n\t\t\t\t<div class=\"elementor-widget-container\">\n\t\t\t\t\t\t\t\t\t<p><b>We help you select leaders<\/b><span style=\"font-weight: 400;\"> who have priority to take part in the individual mentoring programme (<\/span><b>executives, middle leadership, first leadership or potential leaders<\/b><span style=\"font-weight: 400;\">) and we recommend the most suitable plan for each leader.<\/span><\/p><p><span style=\"font-weight: 400;\">\u00a0<\/span><\/p>\t\t\t\t\t\t\t\t<\/div>\n\t\t\t\t<\/div>\n\t\t\t\t<\/div>\n\t\t\t\t<\/div>\n\t\t\t\t\t<\/div>\n\t\t\t\t<\/div>\n\t\t<div class=\"elementor-element elementor-element-93876e9 e-flex e-con-boxed e-con e-parent\" data-id=\"93876e9\" data-element_type=\"container\" data-e-type=\"container\" data-settings=\"{&quot;background_background&quot;:&quot;classic&quot;}\">\n\t\t\t\t\t<div class=\"e-con-inner\">\n\t\t<div class=\"elementor-element elementor-element-c8f52af e-con-full e-flex e-con e-child\" data-id=\"c8f52af\" data-element_type=\"container\" data-e-type=\"container\">\n\t\t<div class=\"elementor-element elementor-element-3d5714c e-con-full e-flex e-con e-child\" data-id=\"3d5714c\" data-element_type=\"container\" data-e-type=\"container\">\n\t\t\t\t<\/div>\n\t\t<div class=\"elementor-element elementor-element-065f2fe e-con-full e-flex e-con e-child\" data-id=\"065f2fe\" data-element_type=\"container\" data-e-type=\"container\">\n\t\t\t\t<div class=\"elementor-element elementor-element-42207ef elementor-widget elementor-widget-heading\" data-id=\"42207ef\" data-element_type=\"widget\" data-e-type=\"widget\" data-widget_type=\"heading.default\">\n\t\t\t\t<div class=\"elementor-widget-container\">\n\t\t\t\t\t<h2 class=\"elementor-heading-title elementor-size-default\">Find the right solution for you!<\/h2>\t\t\t\t<\/div>\n\t\t\t\t<\/div>\n\t\t\t\t<div class=\"elementor-element elementor-element-caf7c11 elementor-align-center elementor-widget elementor-widget-button\" data-id=\"caf7c11\" data-element_type=\"widget\" data-e-type=\"widget\" data-widget_type=\"button.default\">\n\t\t\t\t<div class=\"elementor-widget-container\">\n\t\t\t\t\t\t\t\t\t<div class=\"elementor-button-wrapper\">\n\t\t\t\t\t<a class=\"elementor-button elementor-button-link elementor-size-sm\" href=\"\/en\/solutions\/\">\n\t\t\t\t\t\t<span class=\"elementor-button-content-wrapper\">\n\t\t\t\t\t\t\t\t\t<span class=\"elementor-button-text\">Discover all the solutions<\/span>\n\t\t\t\t\t<\/span>\n\t\t\t\t\t<\/a>\n\t\t\t\t<\/div>\n\t\t\t\t\t\t\t\t<\/div>\n\t\t\t\t<\/div>\n\t\t\t\t<\/div>\n\t\t<div class=\"elementor-element elementor-element-bfce846 e-con-full e-flex e-con e-child\" data-id=\"bfce846\" data-element_type=\"container\" data-e-type=\"container\">\n\t\t\t\t<\/div>\n\t\t\t\t<\/div>\n\t\t\t\t\t<\/div>\n\t\t\t\t<\/div>\n\t\t\t\t<\/div>","protected":false},"excerpt":{"rendered":"<p>Programas de Mentoria de Lideran\u00e7a 1:1 Metodologia validada, mentores humanos + IA, plataforma para mapear gaps e mensurar resultados Nossos programas integram mentores experientes e intelig\u00eancia artificial, numa plataforma que faz o diagn\u00f3stico, o desenvolvimento e a mensura\u00e7\u00e3o de progresso da lideran\u00e7a. Conhe\u00e7a o modelo de desenvolvimento Upskill Diagn\u00f3stico Perfil de lideran\u00e7a Gaps de habilidades [&hellip;]<\/p>\n","protected":false},"author":1,"featured_media":0,"parent":0,"menu_order":0,"comment_status":"closed","ping_status":"closed","template":"","meta":{"footnotes":""},"class_list":["post-5809","page","type-page","status-publish","hentry"],"yoast_head":"<!-- This site is optimized with the Yoast SEO plugin v27.3 - https:\/\/yoast.com\/product\/yoast-seo-wordpress\/ -->\n<title>Programas de Mentoria de Lideran\u00e7a - Upskill Platform<\/title>\n<meta name=\"robots\" content=\"index, follow, max-snippet:-1, max-image-preview:large, max-video-preview:-1\" \/>\n<link rel=\"canonical\" href=\"https:\/\/upskillplatform.com\/en\/leadership-mentoring-programmes\/\" \/>\n<meta property=\"og:locale\" content=\"en_GB\" \/>\n<meta property=\"og:type\" content=\"article\" \/>\n<meta property=\"og:title\" content=\"Programas de Mentoria de Lideran\u00e7a - Upskill Platform\" \/>\n<meta property=\"og:description\" content=\"Programas de Mentoria de Lideran\u00e7a 1:1 Metodologia validada, mentores humanos + IA, plataforma para mapear gaps e mensurar resultados Nossos programas integram mentores experientes e intelig\u00eancia artificial, numa plataforma que faz o diagn\u00f3stico, o desenvolvimento e a mensura\u00e7\u00e3o de progresso da lideran\u00e7a. Conhe\u00e7a o modelo de desenvolvimento Upskill Diagn\u00f3stico Perfil de lideran\u00e7a Gaps de habilidades [&hellip;]\" \/>\n<meta property=\"og:url\" content=\"https:\/\/upskillplatform.com\/en\/leadership-mentoring-programmes\/\" \/>\n<meta property=\"og:site_name\" content=\"Upskill Platform\" \/>\n<meta property=\"article:modified_time\" content=\"2026-02-06T14:06:49+00:00\" \/>\n<meta property=\"og:image\" content=\"https:\/\/upskillplatform.com\/wp-content\/uploads\/2025\/12\/desenvolvimento-diagnostico-medicao-2.png\" \/>\n<meta name=\"twitter:card\" content=\"summary_large_image\" \/>\n<meta name=\"twitter:label1\" content=\"Estimated reading time\" \/>\n\t<meta name=\"twitter:data1\" content=\"1 minute\" \/>\n<script type=\"application\/ld+json\" class=\"yoast-schema-graph\">{\"@context\":\"https:\\\/\\\/schema.org\",\"@graph\":[{\"@type\":\"WebPage\",\"@id\":\"https:\\\/\\\/upskillplatform.com\\\/programas-de-mentoria-de-lideranca\\\/\",\"url\":\"https:\\\/\\\/upskillplatform.com\\\/programas-de-mentoria-de-lideranca\\\/\",\"name\":\"Programas de Mentoria de Lideran\u00e7a - Upskill Platform\",\"isPartOf\":{\"@id\":\"https:\\\/\\\/upskillplatform.com\\\/#website\"},\"primaryImageOfPage\":{\"@id\":\"https:\\\/\\\/upskillplatform.com\\\/programas-de-mentoria-de-lideranca\\\/#primaryimage\"},\"image\":{\"@id\":\"https:\\\/\\\/upskillplatform.com\\\/programas-de-mentoria-de-lideranca\\\/#primaryimage\"},\"thumbnailUrl\":\"https:\\\/\\\/upskillplatform.com\\\/wp-content\\\/uploads\\\/2025\\\/12\\\/desenvolvimento-diagnostico-medicao-2.png\",\"datePublished\":\"2025-12-04T18:10:00+00:00\",\"dateModified\":\"2026-02-06T14:06:49+00:00\",\"breadcrumb\":{\"@id\":\"https:\\\/\\\/upskillplatform.com\\\/programas-de-mentoria-de-lideranca\\\/#breadcrumb\"},\"inLanguage\":\"en-GB\",\"potentialAction\":[{\"@type\":\"ReadAction\",\"target\":[\"https:\\\/\\\/upskillplatform.com\\\/programas-de-mentoria-de-lideranca\\\/\"]}]},{\"@type\":\"ImageObject\",\"inLanguage\":\"en-GB\",\"@id\":\"https:\\\/\\\/upskillplatform.com\\\/programas-de-mentoria-de-lideranca\\\/#primaryimage\",\"url\":\"https:\\\/\\\/upskillplatform.com\\\/wp-content\\\/uploads\\\/2025\\\/12\\\/desenvolvimento-diagnostico-medicao-2.png\",\"contentUrl\":\"https:\\\/\\\/upskillplatform.com\\\/wp-content\\\/uploads\\\/2025\\\/12\\\/desenvolvimento-diagnostico-medicao-2.png\"},{\"@type\":\"BreadcrumbList\",\"@id\":\"https:\\\/\\\/upskillplatform.com\\\/programas-de-mentoria-de-lideranca\\\/#breadcrumb\",\"itemListElement\":[{\"@type\":\"ListItem\",\"position\":1,\"name\":\"In\u00edcio\",\"item\":\"https:\\\/\\\/upskillplatform.com\\\/\"},{\"@type\":\"ListItem\",\"position\":2,\"name\":\"Programas de Mentoria de Lideran\u00e7a\"}]},{\"@type\":\"WebSite\",\"@id\":\"https:\\\/\\\/upskillplatform.com\\\/#website\",\"url\":\"https:\\\/\\\/upskillplatform.com\\\/\",\"name\":\"Upskill Platform\",\"description\":\"Mentoria de Lideran\u00e7a as a Service\",\"publisher\":{\"@id\":\"https:\\\/\\\/upskillplatform.com\\\/#organization\"},\"potentialAction\":[{\"@type\":\"SearchAction\",\"target\":{\"@type\":\"EntryPoint\",\"urlTemplate\":\"https:\\\/\\\/upskillplatform.com\\\/?s={search_term_string}\"},\"query-input\":{\"@type\":\"PropertyValueSpecification\",\"valueRequired\":true,\"valueName\":\"search_term_string\"}}],\"inLanguage\":\"en-GB\"},{\"@type\":\"Organization\",\"@id\":\"https:\\\/\\\/upskillplatform.com\\\/#organization\",\"name\":\"Upskill Platform\",\"url\":\"https:\\\/\\\/upskillplatform.com\\\/\",\"logo\":{\"@type\":\"ImageObject\",\"inLanguage\":\"en-GB\",\"@id\":\"https:\\\/\\\/upskillplatform.com\\\/#\\\/schema\\\/logo\\\/image\\\/\",\"url\":\"https:\\\/\\\/upskillplatform.com\\\/wp-content\\\/uploads\\\/2022\\\/07\\\/upskill-black.webp\",\"contentUrl\":\"https:\\\/\\\/upskillplatform.com\\\/wp-content\\\/uploads\\\/2022\\\/07\\\/upskill-black.webp\",\"width\":1536,\"height\":745,\"caption\":\"Upskill Platform\"},\"image\":{\"@id\":\"https:\\\/\\\/upskillplatform.com\\\/#\\\/schema\\\/logo\\\/image\\\/\"},\"sameAs\":[\"https:\\\/\\\/www.linkedin.com\\\/company\\\/upskillplatform\"]}]}<\/script>\n<!-- \/ Yoast SEO plugin. -->","yoast_head_json":{"title":"Leadership Mentoring Programmes - Upskill Platform","robots":{"index":"index","follow":"follow","max-snippet":"max-snippet:-1","max-image-preview":"max-image-preview:large","max-video-preview":"max-video-preview:-1"},"canonical":"https:\/\/upskillplatform.com\/en\/leadership-mentoring-programmes\/","og_locale":"en_GB","og_type":"article","og_title":"Programas de Mentoria de Lideran\u00e7a - Upskill Platform","og_description":"Programas de Mentoria de Lideran\u00e7a 1:1 Metodologia validada, mentores humanos + IA, plataforma para mapear gaps e mensurar resultados Nossos programas integram mentores experientes e intelig\u00eancia artificial, numa plataforma que faz o diagn\u00f3stico, o desenvolvimento e a mensura\u00e7\u00e3o de progresso da lideran\u00e7a. Conhe\u00e7a o modelo de desenvolvimento Upskill Diagn\u00f3stico Perfil de lideran\u00e7a Gaps de habilidades [&hellip;]","og_url":"https:\/\/upskillplatform.com\/en\/leadership-mentoring-programmes\/","og_site_name":"Upskill Platform","article_modified_time":"2026-02-06T14:06:49+00:00","og_image":[{"url":"https:\/\/upskillplatform.com\/wp-content\/uploads\/2025\/12\/desenvolvimento-diagnostico-medicao-2.png","type":"","width":"","height":""}],"twitter_card":"summary_large_image","twitter_misc":{"Estimated reading time":"1 minute"},"schema":{"@context":"https:\/\/schema.org","@graph":[{"@type":"WebPage","@id":"https:\/\/upskillplatform.com\/programas-de-mentoria-de-lideranca\/","url":"https:\/\/upskillplatform.com\/programas-de-mentoria-de-lideranca\/","name":"Leadership Mentoring Programmes - Upskill Platform","isPartOf":{"@id":"https:\/\/upskillplatform.com\/#website"},"primaryImageOfPage":{"@id":"https:\/\/upskillplatform.com\/programas-de-mentoria-de-lideranca\/#primaryimage"},"image":{"@id":"https:\/\/upskillplatform.com\/programas-de-mentoria-de-lideranca\/#primaryimage"},"thumbnailUrl":"https:\/\/upskillplatform.com\/wp-content\/uploads\/2025\/12\/desenvolvimento-diagnostico-medicao-2.png","datePublished":"2025-12-04T18:10:00+00:00","dateModified":"2026-02-06T14:06:49+00:00","breadcrumb":{"@id":"https:\/\/upskillplatform.com\/programas-de-mentoria-de-lideranca\/#breadcrumb"},"inLanguage":"en-GB","potentialAction":[{"@type":"ReadAction","target":["https:\/\/upskillplatform.com\/programas-de-mentoria-de-lideranca\/"]}]},{"@type":"ImageObject","inLanguage":"en-GB","@id":"https:\/\/upskillplatform.com\/programas-de-mentoria-de-lideranca\/#primaryimage","url":"https:\/\/upskillplatform.com\/wp-content\/uploads\/2025\/12\/desenvolvimento-diagnostico-medicao-2.png","contentUrl":"https:\/\/upskillplatform.com\/wp-content\/uploads\/2025\/12\/desenvolvimento-diagnostico-medicao-2.png"},{"@type":"BreadcrumbList","@id":"https:\/\/upskillplatform.com\/programas-de-mentoria-de-lideranca\/#breadcrumb","itemListElement":[{"@type":"ListItem","position":1,"name":"In\u00edcio","item":"https:\/\/upskillplatform.com\/"},{"@type":"ListItem","position":2,"name":"Programas de Mentoria de Lideran\u00e7a"}]},{"@type":"WebSite","@id":"https:\/\/upskillplatform.com\/#website","url":"https:\/\/upskillplatform.com\/","name":"Upskill Platform","description":"Leadership Mentoring as a Service","publisher":{"@id":"https:\/\/upskillplatform.com\/#organization"},"potentialAction":[{"@type":"SearchAction","target":{"@type":"EntryPoint","urlTemplate":"https:\/\/upskillplatform.com\/?s={search_term_string}"},"query-input":{"@type":"PropertyValueSpecification","valueRequired":true,"valueName":"search_term_string"}}],"inLanguage":"en-GB"},{"@type":"Organization","@id":"https:\/\/upskillplatform.com\/#organization","name":"Upskill Platform","url":"https:\/\/upskillplatform.com\/","logo":{"@type":"ImageObject","inLanguage":"en-GB","@id":"https:\/\/upskillplatform.com\/#\/schema\/logo\/image\/","url":"https:\/\/upskillplatform.com\/wp-content\/uploads\/2022\/07\/upskill-black.webp","contentUrl":"https:\/\/upskillplatform.com\/wp-content\/uploads\/2022\/07\/upskill-black.webp","width":1536,"height":745,"caption":"Upskill Platform"},"image":{"@id":"https:\/\/upskillplatform.com\/#\/schema\/logo\/image\/"},"sameAs":["https:\/\/www.linkedin.com\/company\/upskillplatform"]}]}},"_links":{"self":[{"href":"https:\/\/upskillplatform.com\/en\/wp-json\/wp\/v2\/pages\/5809","targetHints":{"allow":["GET"]}}],"collection":[{"href":"https:\/\/upskillplatform.com\/en\/wp-json\/wp\/v2\/pages"}],"about":[{"href":"https:\/\/upskillplatform.com\/en\/wp-json\/wp\/v2\/types\/page"}],"author":[{"embeddable":true,"href":"https:\/\/upskillplatform.com\/en\/wp-json\/wp\/v2\/users\/1"}],"replies":[{"embeddable":true,"href":"https:\/\/upskillplatform.com\/en\/wp-json\/wp\/v2\/comments?post=5809"}],"version-history":[{"count":52,"href":"https:\/\/upskillplatform.com\/en\/wp-json\/wp\/v2\/pages\/5809\/revisions"}],"predecessor-version":[{"id":6157,"href":"https:\/\/upskillplatform.com\/en\/wp-json\/wp\/v2\/pages\/5809\/revisions\/6157"}],"wp:attachment":[{"href":"https:\/\/upskillplatform.com\/en\/wp-json\/wp\/v2\/media?parent=5809"}],"curies":[{"name":"wp","href":"https:\/\/api.w.org\/{rel}","templated":true}]}}